{"id":104,"date":"2019-06-21T14:24:23","date_gmt":"2019-06-21T12:24:23","guid":{"rendered":"http:\/\/www.gassendi.asso.fr\/wpg\/?page_id=104"},"modified":"2020-12-07T19:27:09","modified_gmt":"2020-12-07T18:27:09","slug":"initiation-2eme-annee","status":"publish","type":"page","link":"https:\/\/www.gassendi.asso.fr\/wpg\/initiation-2eme-annee\/","title":{"rendered":"Initiation 2\u00e8me ann\u00e9e"},"content":{"rendered":"\n<p><strong><img fetchpriority=\"high\" decoding=\"async\" class=\"alignright size-medium wp-image-94\" src=\"https:\/\/www.gassendi.asso.fr\/wpg\/wp-content\/uploads\/2019\/06\/w10-300x168.jpg\" alt=\"\" width=\"300\" height=\"168\" \/>Pr\u00e9-requis<\/strong> : Windows 10<\/p>\n<ul>\n<li>Base de Windows 10 &#8211; LibreOffice<\/li>\n<li>Connaissance du clavier<\/li>\n<li>Ma\u00eetrise de la souris<\/li>\n<\/ul>\n<p><strong>Indispensable : <\/strong><span style=\"text-decoration: underline; color: #993300;\">Travail personnel entre les sessions<\/span><\/p>\n<h2><br \/><strong>Contenu des cours :<\/strong><\/h2>\n<h3><strong>Windows :<\/strong><\/h3>\n<ul>\n<li>Poste de travail<\/li>\n<li>Raccourcis clavierimagescafev0v8 copie<\/li>\n<li>Panneau de configuration<\/li>\n<li>Pare-feu<\/li>\n<li>Informations g\u00e9n\u00e9rales du syst\u00e8me<\/li>\n<li>Cr\u00e9ation de t\u00e2che planifi\u00e9e.<\/li>\n<\/ul>\n<h3><strong>Bureautique :<\/strong><\/h3>\n<p><em>LibreOffice (suite bureautique gratuite internationale).<\/em><\/p>\n<h4><strong>WRITER :<\/strong><\/h4>\n<ul>\n<li>Mise en forme de textes<\/li>\n<li>Cr\u00e9ation de lettres types et mod\u00e8les\u2026\u2026.<\/li>\n<\/ul>\n<p><img decoding=\"async\" class=\"aligncenter size-medium wp-image-111\" src=\"https:\/\/www.gassendi.asso.fr\/wpg\/wp-content\/uploads\/2019\/06\/LibreOffice-Writer1-1-300x169.png\" alt=\"\" width=\"300\" height=\"169\" srcset=\"https:\/\/www.gassendi.asso.fr\/wpg\/wp-content\/uploads\/2019\/06\/LibreOffice-Writer1-1-300x169.png 300w, https:\/\/www.gassendi.asso.fr\/wpg\/wp-content\/uploads\/2019\/06\/LibreOffice-Writer1-1-768x432.png 768w, https:\/\/www.gassendi.asso.fr\/wpg\/wp-content\/uploads\/2019\/06\/LibreOffice-Writer1-1.png 800w\" sizes=\"(max-width: 300px) 100vw, 300px\" \/><\/p>\n<h4><strong>CALC (tableur) :<\/strong><\/h4>\n<ul>\n<li>Mise en forme de donn\u00e9es<\/li>\n<li>Cr\u00e9ation de tableau, calculs\u2026\u2026<\/li>\n<\/ul>\n<p><img decoding=\"async\" class=\"aligncenter size-medium wp-image-108\" src=\"https:\/\/www.gassendi.asso.fr\/wpg\/wp-content\/uploads\/2019\/06\/LibreOffice-Calc1-300x159.jpg\" alt=\"\" width=\"300\" height=\"159\" srcset=\"https:\/\/www.gassendi.asso.fr\/wpg\/wp-content\/uploads\/2019\/06\/LibreOffice-Calc1-300x159.jpg 300w, https:\/\/www.gassendi.asso.fr\/wpg\/wp-content\/uploads\/2019\/06\/LibreOffice-Calc1-768x408.jpg 768w, https:\/\/www.gassendi.asso.fr\/wpg\/wp-content\/uploads\/2019\/06\/LibreOffice-Calc1-1024x544.jpg 1024w, https:\/\/www.gassendi.asso.fr\/wpg\/wp-content\/uploads\/2019\/06\/LibreOffice-Calc1.jpg 1364w\" sizes=\"(max-width: 300px) 100vw, 300px\" \/><\/p>\n<h2><strong>Internet<\/strong><\/h2>\n<ul>\n<li>\u00ab\u00a0Surfer\u00a0\u00bb<\/li>\n<li>T\u00e9l\u00e9chargement de logiciels gratuits : antivirus, suite bureautique<\/li>\n<li>LibreOffice &#8230;<\/li>\n<li>Recherche et proc\u00e9dure d\u2019achats en ligne<\/li>\n<li>Courrier \u00e9lectronique.<\/li>\n<\/ul>\n<p><img loading=\"lazy\" decoding=\"async\" class=\"aligncenter size-medium wp-image-92\" src=\"https:\/\/www.gassendi.asso.fr\/wpg\/wp-content\/uploads\/2019\/06\/internet-300x192.jpg\" alt=\"Internet\" width=\"300\" height=\"192\" srcset=\"https:\/\/www.gassendi.asso.fr\/wpg\/wp-content\/uploads\/2019\/06\/internet-300x192.jpg 300w, https:\/\/www.gassendi.asso.fr\/wpg\/wp-content\/uploads\/2019\/06\/internet-768x492.jpg 768w, https:\/\/www.gassendi.asso.fr\/wpg\/wp-content\/uploads\/2019\/06\/internet.jpg 1000w\" sizes=\"(max-width: 300px) 100vw, 300px\" \/><\/p>\n<h3><em><strong>Et aussi&#8230; :<\/strong><\/em><\/h3>\n<ul>\n<li>Protection des documents et des utilisateurs,<\/li>\n<li>Cr\u00e9ation et suppression de liens,<\/li>\n<li>Encodage audio avec ITunes (cr\u00e9ation et gestion de sa biblioth\u00e8que<\/li>\n<li>musicale num\u00e9rique),<\/li>\n<li>Cr\u00e9ation d\u2019un point de restauration&#8230;<\/li>\n<\/ul>\n<p><em>Supports de cours d\u00e9taill\u00e9s fournis par l\u2019Association.<\/em><\/p>\n","protected":false},"excerpt":{"rendered":"<p>Pr\u00e9-requis : Windows 10 Base de Windows 10 &#8211; LibreOffice Connaissance du clavier Ma\u00eetrise de la souris Indispensable : Travail personnel entre les sessions Contenu des cours : Windows : Poste de travail Raccourcis clavierimagescafev0v8 copie Panneau de configuration Pare-feu<\/p>\n","protected":false},"author":1,"featured_media":0,"parent":0,"menu_order":0,"comment_status":"closed","ping_status":"closed","template":"","meta":{"_eb_attr":"","_exactmetrics_skip_tracking":false,"_exactmetrics_sitenote_active":false,"_exactmetrics_sitenote_note":"","_exactmetrics_sitenote_category":0,"footnotes":""},"class_list":["post-104","page","type-page","status-publish","hentry"],"yoast_head":"<!-- This site is optimized with the Yoast SEO plugin v27.4 - https:\/\/yoast.com\/product\/yoast-seo-wordpress\/ -->\n<title>Initiation 2\u00e8me ann\u00e9e - Club Informatique Gassendi<\/title>\n<meta name=\"robots\" content=\"index, follow, max-snippet:-1, max-image-preview:large, max-video-preview:-1\" \/>\n<link rel=\"canonical\" href=\"https:\/\/www.gassendi.asso.fr\/wpg\/les-cours__trashed\/initiation-2eme-annee\/\" \/>\n<meta property=\"og:locale\" content=\"fr_FR\" \/>\n<meta property=\"og:type\" content=\"article\" \/>\n<meta property=\"og:title\" content=\"Initiation 2\u00e8me ann\u00e9e - Club Informatique Gassendi\" \/>\n<meta property=\"og:description\" content=\"Pr\u00e9-requis : Windows 10 Base de Windows 10 &#8211; LibreOffice Connaissance du clavier Ma\u00eetrise de la souris Indispensable : Travail personnel entre les sessions Contenu des cours : Windows : Poste de travail Raccourcis clavierimagescafev0v8 copie Panneau de configuration Pare-feu\" \/>\n<meta property=\"og:url\" content=\"https:\/\/www.gassendi.asso.fr\/wpg\/les-cours__trashed\/initiation-2eme-annee\/\" \/>\n<meta property=\"og:site_name\" content=\"Club Informatique Gassendi\" \/>\n<meta property=\"article:modified_time\" content=\"2020-12-07T18:27:09+00:00\" \/>\n<meta property=\"og:image\" content=\"http:\/\/www.gassendi.asso.fr\/wpg\/wp-content\/uploads\/2019\/06\/w10-300x168.jpg\" \/>\n<meta name=\"twitter:card\" content=\"summary_large_image\" \/>\n<meta name=\"twitter:label1\" content=\"Dur\u00e9e de lecture estim\u00e9e\" \/>\n\t<meta name=\"twitter:data1\" content=\"1 minute\" \/>\n<script type=\"application\/ld+json\" class=\"yoast-schema-graph\">{\"@context\":\"https:\\\/\\\/schema.org\",\"@graph\":[{\"@type\":\"WebPage\",\"@id\":\"https:\\\/\\\/www.gassendi.asso.fr\\\/wpg\\\/les-cours__trashed\\\/initiation-2eme-annee\\\/\",\"url\":\"https:\\\/\\\/www.gassendi.asso.fr\\\/wpg\\\/les-cours__trashed\\\/initiation-2eme-annee\\\/\",\"name\":\"Initiation 2\u00e8me ann\u00e9e - Club Informatique Gassendi\",\"isPartOf\":{\"@id\":\"https:\\\/\\\/www.gassendi.asso.fr\\\/wpg\\\/#website\"},\"primaryImageOfPage\":{\"@id\":\"https:\\\/\\\/www.gassendi.asso.fr\\\/wpg\\\/les-cours__trashed\\\/initiation-2eme-annee\\\/#primaryimage\"},\"image\":{\"@id\":\"https:\\\/\\\/www.gassendi.asso.fr\\\/wpg\\\/les-cours__trashed\\\/initiation-2eme-annee\\\/#primaryimage\"},\"thumbnailUrl\":\"http:\\\/\\\/www.gassendi.asso.fr\\\/wpg\\\/wp-content\\\/uploads\\\/2019\\\/06\\\/w10-300x168.jpg\",\"datePublished\":\"2019-06-21T12:24:23+00:00\",\"dateModified\":\"2020-12-07T18:27:09+00:00\",\"breadcrumb\":{\"@id\":\"https:\\\/\\\/www.gassendi.asso.fr\\\/wpg\\\/les-cours__trashed\\\/initiation-2eme-annee\\\/#breadcrumb\"},\"inLanguage\":\"fr-FR\",\"potentialAction\":[{\"@type\":\"ReadAction\",\"target\":[\"https:\\\/\\\/www.gassendi.asso.fr\\\/wpg\\\/les-cours__trashed\\\/initiation-2eme-annee\\\/\"]}]},{\"@type\":\"ImageObject\",\"inLanguage\":\"fr-FR\",\"@id\":\"https:\\\/\\\/www.gassendi.asso.fr\\\/wpg\\\/les-cours__trashed\\\/initiation-2eme-annee\\\/#primaryimage\",\"url\":\"https:\\\/\\\/www.gassendi.asso.fr\\\/wpg\\\/wp-content\\\/uploads\\\/2019\\\/06\\\/w10.jpg\",\"contentUrl\":\"https:\\\/\\\/www.gassendi.asso.fr\\\/wpg\\\/wp-content\\\/uploads\\\/2019\\\/06\\\/w10.jpg\",\"width\":300,\"height\":168},{\"@type\":\"BreadcrumbList\",\"@id\":\"https:\\\/\\\/www.gassendi.asso.fr\\\/wpg\\\/les-cours__trashed\\\/initiation-2eme-annee\\\/#breadcrumb\",\"itemListElement\":[{\"@type\":\"ListItem\",\"position\":1,\"name\":\"Accueil\",\"item\":\"https:\\\/\\\/www.gassendi.asso.fr\\\/wpg\\\/\"},{\"@type\":\"ListItem\",\"position\":2,\"name\":\"Initiation 2\u00e8me ann\u00e9e\"}]},{\"@type\":\"WebSite\",\"@id\":\"https:\\\/\\\/www.gassendi.asso.fr\\\/wpg\\\/#website\",\"url\":\"https:\\\/\\\/www.gassendi.asso.fr\\\/wpg\\\/\",\"name\":\"Club Informatique Gassendi\",\"description\":\"L&#039;autre fa\u00e7on d&#039;apprendre l&#039;informatique ...\",\"publisher\":{\"@id\":\"https:\\\/\\\/www.gassendi.asso.fr\\\/wpg\\\/#organization\"},\"potentialAction\":[{\"@type\":\"SearchAction\",\"target\":{\"@type\":\"EntryPoint\",\"urlTemplate\":\"https:\\\/\\\/www.gassendi.asso.fr\\\/wpg\\\/?s={search_term_string}\"},\"query-input\":{\"@type\":\"PropertyValueSpecification\",\"valueRequired\":true,\"valueName\":\"search_term_string\"}}],\"inLanguage\":\"fr-FR\"},{\"@type\":\"Organization\",\"@id\":\"https:\\\/\\\/www.gassendi.asso.fr\\\/wpg\\\/#organization\",\"name\":\"Club Informatique Gassendi\",\"url\":\"https:\\\/\\\/www.gassendi.asso.fr\\\/wpg\\\/\",\"logo\":{\"@type\":\"ImageObject\",\"inLanguage\":\"fr-FR\",\"@id\":\"https:\\\/\\\/www.gassendi.asso.fr\\\/wpg\\\/#\\\/schema\\\/logo\\\/image\\\/\",\"url\":\"http:\\\/\\\/www.gassendi.asso.fr\\\/wpg\\\/wp-content\\\/uploads\\\/2019\\\/06\\\/logo-cig_165x150.jpg\",\"contentUrl\":\"http:\\\/\\\/www.gassendi.asso.fr\\\/wpg\\\/wp-content\\\/uploads\\\/2019\\\/06\\\/logo-cig_165x150.jpg\",\"width\":165,\"height\":150,\"caption\":\"Club Informatique Gassendi\"},\"image\":{\"@id\":\"https:\\\/\\\/www.gassendi.asso.fr\\\/wpg\\\/#\\\/schema\\\/logo\\\/image\\\/\"}}]}<\/script>\n<!-- \/ Yoast SEO plugin. -->","yoast_head_json":{"title":"Initiation 2\u00e8me ann\u00e9e - Club Informatique Gassendi","robots":{"index":"index","follow":"follow","max-snippet":"max-snippet:-1","max-image-preview":"max-image-preview:large","max-video-preview":"max-video-preview:-1"},"canonical":"https:\/\/www.gassendi.asso.fr\/wpg\/les-cours__trashed\/initiation-2eme-annee\/","og_locale":"fr_FR","og_type":"article","og_title":"Initiation 2\u00e8me ann\u00e9e - Club Informatique Gassendi","og_description":"Pr\u00e9-requis : Windows 10 Base de Windows 10 &#8211; LibreOffice Connaissance du clavier Ma\u00eetrise de la souris Indispensable : Travail personnel entre les sessions Contenu des cours : Windows : Poste de travail Raccourcis clavierimagescafev0v8 copie Panneau de configuration Pare-feu","og_url":"https:\/\/www.gassendi.asso.fr\/wpg\/les-cours__trashed\/initiation-2eme-annee\/","og_site_name":"Club Informatique Gassendi","article_modified_time":"2020-12-07T18:27:09+00:00","og_image":[{"url":"http:\/\/www.gassendi.asso.fr\/wpg\/wp-content\/uploads\/2019\/06\/w10-300x168.jpg","type":"","width":"","height":""}],"twitter_card":"summary_large_image","twitter_misc":{"Dur\u00e9e de lecture estim\u00e9e":"1 minute"},"schema":{"@context":"https:\/\/schema.org","@graph":[{"@type":"WebPage","@id":"https:\/\/www.gassendi.asso.fr\/wpg\/les-cours__trashed\/initiation-2eme-annee\/","url":"https:\/\/www.gassendi.asso.fr\/wpg\/les-cours__trashed\/initiation-2eme-annee\/","name":"Initiation 2\u00e8me ann\u00e9e - Club Informatique Gassendi","isPartOf":{"@id":"https:\/\/www.gassendi.asso.fr\/wpg\/#website"},"primaryImageOfPage":{"@id":"https:\/\/www.gassendi.asso.fr\/wpg\/les-cours__trashed\/initiation-2eme-annee\/#primaryimage"},"image":{"@id":"https:\/\/www.gassendi.asso.fr\/wpg\/les-cours__trashed\/initiation-2eme-annee\/#primaryimage"},"thumbnailUrl":"http:\/\/www.gassendi.asso.fr\/wpg\/wp-content\/uploads\/2019\/06\/w10-300x168.jpg","datePublished":"2019-06-21T12:24:23+00:00","dateModified":"2020-12-07T18:27:09+00:00","breadcrumb":{"@id":"https:\/\/www.gassendi.asso.fr\/wpg\/les-cours__trashed\/initiation-2eme-annee\/#breadcrumb"},"inLanguage":"fr-FR","potentialAction":[{"@type":"ReadAction","target":["https:\/\/www.gassendi.asso.fr\/wpg\/les-cours__trashed\/initiation-2eme-annee\/"]}]},{"@type":"ImageObject","inLanguage":"fr-FR","@id":"https:\/\/www.gassendi.asso.fr\/wpg\/les-cours__trashed\/initiation-2eme-annee\/#primaryimage","url":"https:\/\/www.gassendi.asso.fr\/wpg\/wp-content\/uploads\/2019\/06\/w10.jpg","contentUrl":"https:\/\/www.gassendi.asso.fr\/wpg\/wp-content\/uploads\/2019\/06\/w10.jpg","width":300,"height":168},{"@type":"BreadcrumbList","@id":"https:\/\/www.gassendi.asso.fr\/wpg\/les-cours__trashed\/initiation-2eme-annee\/#breadcrumb","itemListElement":[{"@type":"ListItem","position":1,"name":"Accueil","item":"https:\/\/www.gassendi.asso.fr\/wpg\/"},{"@type":"ListItem","position":2,"name":"Initiation 2\u00e8me ann\u00e9e"}]},{"@type":"WebSite","@id":"https:\/\/www.gassendi.asso.fr\/wpg\/#website","url":"https:\/\/www.gassendi.asso.fr\/wpg\/","name":"Club Informatique Gassendi","description":"L&#039;autre fa\u00e7on d&#039;apprendre l&#039;informatique ...","publisher":{"@id":"https:\/\/www.gassendi.asso.fr\/wpg\/#organization"},"potentialAction":[{"@type":"SearchAction","target":{"@type":"EntryPoint","urlTemplate":"https:\/\/www.gassendi.asso.fr\/wpg\/?s={search_term_string}"},"query-input":{"@type":"PropertyValueSpecification","valueRequired":true,"valueName":"search_term_string"}}],"inLanguage":"fr-FR"},{"@type":"Organization","@id":"https:\/\/www.gassendi.asso.fr\/wpg\/#organization","name":"Club Informatique Gassendi","url":"https:\/\/www.gassendi.asso.fr\/wpg\/","logo":{"@type":"ImageObject","inLanguage":"fr-FR","@id":"https:\/\/www.gassendi.asso.fr\/wpg\/#\/schema\/logo\/image\/","url":"http:\/\/www.gassendi.asso.fr\/wpg\/wp-content\/uploads\/2019\/06\/logo-cig_165x150.jpg","contentUrl":"http:\/\/www.gassendi.asso.fr\/wpg\/wp-content\/uploads\/2019\/06\/logo-cig_165x150.jpg","width":165,"height":150,"caption":"Club Informatique Gassendi"},"image":{"@id":"https:\/\/www.gassendi.asso.fr\/wpg\/#\/schema\/logo\/image\/"}}]}},"_links":{"self":[{"href":"https:\/\/www.gassendi.asso.fr\/wpg\/wp-json\/wp\/v2\/pages\/104","targetHints":{"allow":["GET"]}}],"collection":[{"href":"https:\/\/www.gassendi.asso.fr\/wpg\/wp-json\/wp\/v2\/pages"}],"about":[{"href":"https:\/\/www.gassendi.asso.fr\/wpg\/wp-json\/wp\/v2\/types\/page"}],"author":[{"embeddable":true,"href":"https:\/\/www.gassendi.asso.fr\/wpg\/wp-json\/wp\/v2\/users\/1"}],"replies":[{"embeddable":true,"href":"https:\/\/www.gassendi.asso.fr\/wpg\/wp-json\/wp\/v2\/comments?post=104"}],"version-history":[{"count":5,"href":"https:\/\/www.gassendi.asso.fr\/wpg\/wp-json\/wp\/v2\/pages\/104\/revisions"}],"predecessor-version":[{"id":750,"href":"https:\/\/www.gassendi.asso.fr\/wpg\/wp-json\/wp\/v2\/pages\/104\/revisions\/750"}],"wp:attachment":[{"href":"https:\/\/www.gassendi.asso.fr\/wpg\/wp-json\/wp\/v2\/media?parent=104"}],"curies":[{"name":"wp","href":"https:\/\/api.w.org\/{rel}","templated":true}]}}