{"id":116,"date":"2019-06-21T15:22:27","date_gmt":"2019-06-21T13:22:27","guid":{"rendered":"http:\/\/www.gassendi.asso.fr\/wpg\/?page_id=116"},"modified":"2020-12-07T19:28:02","modified_gmt":"2020-12-07T18:28:02","slug":"photomontage","status":"publish","type":"page","link":"https:\/\/www.gassendi.asso.fr\/wpg\/photomontage\/","title":{"rendered":"Photomontage"},"content":{"rendered":"\n<h2><img fetchpriority=\"high\" decoding=\"async\" class=\"alignright size-full wp-image-120\" src=\"https:\/\/www.gassendi.asso.fr\/wpg\/wp-content\/uploads\/2019\/06\/PSinit1a.jpg\" alt=\"\" width=\"281\" height=\"233\" \/>Photomontage niveau 1<\/h2>\n<p><strong>Pr\u00e9-requis<\/strong> : \u00catre \u00e0 l&rsquo;aise avec Windows 10, Grande maitrise de la souris<\/p>\n<h3>Initiation avec Photoshop Elements<\/h3>\n<p>D\u00e9couverte du logiciel<\/p>\n<p>Apprentissage des outils<\/p>\n<p><img decoding=\"async\" class=\"aligncenter size-full wp-image-121\" src=\"https:\/\/www.gassendi.asso.fr\/wpg\/wp-content\/uploads\/2019\/06\/PSinit1b.jpg\" alt=\"\" width=\"662\" height=\"205\" srcset=\"https:\/\/www.gassendi.asso.fr\/wpg\/wp-content\/uploads\/2019\/06\/PSinit1b.jpg 662w, https:\/\/www.gassendi.asso.fr\/wpg\/wp-content\/uploads\/2019\/06\/PSinit1b-300x93.jpg 300w\" sizes=\"(max-width: 662px) 100vw, 662px\" \/>Utilisation des diff\u00e9rents menus<\/p>\n<p>Technique de s\u00e9lection et de manipulation d&rsquo;images :<\/p>\n<ul>\n<li>Le redimensionnement<\/li>\n<li>Le recadrage<\/li>\n<li>La d\u00e9formation et la rotation<\/li>\n<\/ul>\n<p>La s\u00e9lection de couleur<\/p>\n<p>La gestion des calques<\/p>\n<p><strong><img decoding=\"async\" class=\"alignright size-thumbnail wp-image-122\" src=\"https:\/\/www.gassendi.asso.fr\/wpg\/wp-content\/uploads\/2019\/06\/PSinit1c-150x150.jpg\" alt=\"\" width=\"150\" height=\"150\" \/>La fonction Photomerge<\/strong><\/p>\n<ul>\n<li>Cr\u00e9ation de photos panoramiques<\/li>\n<\/ul>\n<p>\u00a0<\/p>\n<p>Initiation \u00e0 l&rsquo;animation de textes et d&rsquo;images<\/p>\n<hr \/>\n<h2><img loading=\"lazy\" decoding=\"async\" class=\"alignright size-medium wp-image-125\" src=\"https:\/\/www.gassendi.asso.fr\/wpg\/wp-content\/uploads\/2019\/06\/PSinit2a-300x225.jpg\" alt=\"\" width=\"300\" height=\"225\" srcset=\"https:\/\/www.gassendi.asso.fr\/wpg\/wp-content\/uploads\/2019\/06\/PSinit2a-300x225.jpg 300w, https:\/\/www.gassendi.asso.fr\/wpg\/wp-content\/uploads\/2019\/06\/PSinit2a.jpg 301w\" sizes=\"(max-width: 300px) 100vw, 300px\" \/>Photomontage niveau 2<\/h2>\n<p><em>Ce cours est r\u00e9serv\u00e9 aux stagiaires ayant particip\u00e9 aux cours de photomontage niveau 1<\/em><\/p>\n<h3>Perfectionnement avec Photoshop Elements<\/h3>\n<ul>\n<li>La retouche globale<\/li>\n<li>La retouche photo<\/li>\n<li>Am\u00e9liorer les prises de vues en ext\u00e9rieur<\/li>\n<li>Coloriser une photo Noir &amp; blanc<\/li>\n<\/ul>\n<p><img loading=\"lazy\" decoding=\"async\" class=\"aligncenter size-full wp-image-126\" src=\"https:\/\/www.gassendi.asso.fr\/wpg\/wp-content\/uploads\/2019\/06\/PSinit2b.jpg\" alt=\"\" width=\"644\" height=\"202\" srcset=\"https:\/\/www.gassendi.asso.fr\/wpg\/wp-content\/uploads\/2019\/06\/PSinit2b.jpg 644w, https:\/\/www.gassendi.asso.fr\/wpg\/wp-content\/uploads\/2019\/06\/PSinit2b-300x94.jpg 300w\" sizes=\"(max-width: 644px) 100vw, 644px\" \/><\/p>\n<h4>Le Photomontage<\/h4>\n<p>Comment r\u00e9aliser :<\/p>\n<ul>\n<li><img loading=\"lazy\" decoding=\"async\" class=\"alignright size-thumbnail wp-image-127\" src=\"https:\/\/www.gassendi.asso.fr\/wpg\/wp-content\/uploads\/2019\/06\/PSinit2c-150x150.jpg\" alt=\"\" width=\"150\" height=\"150\" \/>des compositions et des montages r\u00e9alistes<\/li>\n<li>des effets sp\u00e9ciaux en mode fusion de calques<\/li>\n<li>des cartes postales, de v\u0153ux<\/li>\n<li>des faire-parts<\/li>\n<li>des textes fantaisies<\/li>\n<li>des cartes anim\u00e9es, etc&#8230;<\/li>\n<\/ul>\n<hr \/>\n<h2><img loading=\"lazy\" decoding=\"async\" class=\"alignright size-full wp-image-130\" src=\"https:\/\/www.gassendi.asso.fr\/wpg\/wp-content\/uploads\/2019\/06\/PSinit3a.jpg\" alt=\"\" width=\"295\" height=\"213\" \/>Photomontage niveau 3<\/h2>\n<p><em>Ce cours est r\u00e9serv\u00e9 aux stagiaires ayant particip\u00e9 aux cours de photomontage 1 et 2<\/em><\/p>\n<p>Travail libre d&rsquo;apr\u00e8s un th\u00e8me donn\u00e9 (par exemple : r\u00e9alisation fa\u00e7on Scrapbooking<\/p>\n<p><img loading=\"lazy\" decoding=\"async\" class=\"aligncenter size-full wp-image-131\" src=\"https:\/\/www.gassendi.asso.fr\/wpg\/wp-content\/uploads\/2019\/06\/PSinit3b.jpg\" alt=\"\" width=\"660\" height=\"202\" srcset=\"https:\/\/www.gassendi.asso.fr\/wpg\/wp-content\/uploads\/2019\/06\/PSinit3b.jpg 660w, https:\/\/www.gassendi.asso.fr\/wpg\/wp-content\/uploads\/2019\/06\/PSinit3b-300x92.jpg 300w\" sizes=\"(max-width: 660px) 100vw, 660px\" \/><img loading=\"lazy\" decoding=\"async\" class=\"size-full wp-image-133 aligncenter\" src=\"https:\/\/www.gassendi.asso.fr\/wpg\/wp-content\/uploads\/2019\/06\/PSinit3d.jpg\" alt=\"\" width=\"306\" height=\"301\" srcset=\"https:\/\/www.gassendi.asso.fr\/wpg\/wp-content\/uploads\/2019\/06\/PSinit3d.jpg 306w, https:\/\/www.gassendi.asso.fr\/wpg\/wp-content\/uploads\/2019\/06\/PSinit3d-300x295.jpg 300w\" sizes=\"(max-width: 306px) 100vw, 306px\" \/><\/p>\n<p>\u00a0<\/p>\n","protected":false},"excerpt":{"rendered":"<p>Photomontage niveau 1 Pr\u00e9-requis : \u00catre \u00e0 l&rsquo;aise avec Windows 10, Grande maitrise de la souris Initiation avec Photoshop Elements D\u00e9couverte du logiciel Apprentissage des outils Utilisation des diff\u00e9rents menus Technique de s\u00e9lection et de manipulation d&rsquo;images : Le redimensionnement<\/p>\n","protected":false},"author":1,"featured_media":0,"parent":0,"menu_order":0,"comment_status":"closed","ping_status":"closed","template":"","meta":{"_eb_attr":"","_exactmetrics_skip_tracking":false,"_exactmetrics_sitenote_active":false,"_exactmetrics_sitenote_note":"","_exactmetrics_sitenote_category":0,"footnotes":""},"class_list":["post-116","page","type-page","status-publish","hentry"],"yoast_head":"<!-- This site is optimized with the Yoast SEO plugin v27.4 - https:\/\/yoast.com\/product\/yoast-seo-wordpress\/ -->\n<title>Photomontage - Club Informatique Gassendi<\/title>\n<meta name=\"robots\" content=\"index, follow, max-snippet:-1, max-image-preview:large, max-video-preview:-1\" \/>\n<link rel=\"canonical\" href=\"https:\/\/www.gassendi.asso.fr\/wpg\/les-cours__trashed\/photomontage\/\" \/>\n<meta property=\"og:locale\" content=\"fr_FR\" \/>\n<meta property=\"og:type\" content=\"article\" \/>\n<meta property=\"og:title\" content=\"Photomontage - Club Informatique Gassendi\" \/>\n<meta property=\"og:description\" content=\"Photomontage niveau 1 Pr\u00e9-requis : \u00catre \u00e0 l&rsquo;aise avec Windows 10, Grande maitrise de la souris Initiation avec Photoshop Elements D\u00e9couverte du logiciel Apprentissage des outils Utilisation des diff\u00e9rents menus Technique de s\u00e9lection et de manipulation d&rsquo;images : Le redimensionnement\" \/>\n<meta property=\"og:url\" content=\"https:\/\/www.gassendi.asso.fr\/wpg\/les-cours__trashed\/photomontage\/\" \/>\n<meta property=\"og:site_name\" content=\"Club Informatique Gassendi\" \/>\n<meta property=\"article:modified_time\" content=\"2020-12-07T18:28:02+00:00\" \/>\n<meta property=\"og:image\" content=\"http:\/\/www.gassendi.asso.fr\/wpg\/wp-content\/uploads\/2019\/06\/PSinit1a.jpg\" \/>\n<meta name=\"twitter:card\" content=\"summary_large_image\" \/>\n<meta name=\"twitter:label1\" content=\"Dur\u00e9e de lecture estim\u00e9e\" \/>\n\t<meta name=\"twitter:data1\" content=\"1 minute\" \/>\n<script type=\"application\/ld+json\" class=\"yoast-schema-graph\">{\"@context\":\"https:\\\/\\\/schema.org\",\"@graph\":[{\"@type\":\"WebPage\",\"@id\":\"https:\\\/\\\/www.gassendi.asso.fr\\\/wpg\\\/les-cours__trashed\\\/photomontage\\\/\",\"url\":\"https:\\\/\\\/www.gassendi.asso.fr\\\/wpg\\\/les-cours__trashed\\\/photomontage\\\/\",\"name\":\"Photomontage - Club Informatique Gassendi\",\"isPartOf\":{\"@id\":\"https:\\\/\\\/www.gassendi.asso.fr\\\/wpg\\\/#website\"},\"primaryImageOfPage\":{\"@id\":\"https:\\\/\\\/www.gassendi.asso.fr\\\/wpg\\\/les-cours__trashed\\\/photomontage\\\/#primaryimage\"},\"image\":{\"@id\":\"https:\\\/\\\/www.gassendi.asso.fr\\\/wpg\\\/les-cours__trashed\\\/photomontage\\\/#primaryimage\"},\"thumbnailUrl\":\"http:\\\/\\\/www.gassendi.asso.fr\\\/wpg\\\/wp-content\\\/uploads\\\/2019\\\/06\\\/PSinit1a.jpg\",\"datePublished\":\"2019-06-21T13:22:27+00:00\",\"dateModified\":\"2020-12-07T18:28:02+00:00\",\"breadcrumb\":{\"@id\":\"https:\\\/\\\/www.gassendi.asso.fr\\\/wpg\\\/les-cours__trashed\\\/photomontage\\\/#breadcrumb\"},\"inLanguage\":\"fr-FR\",\"potentialAction\":[{\"@type\":\"ReadAction\",\"target\":[\"https:\\\/\\\/www.gassendi.asso.fr\\\/wpg\\\/les-cours__trashed\\\/photomontage\\\/\"]}]},{\"@type\":\"ImageObject\",\"inLanguage\":\"fr-FR\",\"@id\":\"https:\\\/\\\/www.gassendi.asso.fr\\\/wpg\\\/les-cours__trashed\\\/photomontage\\\/#primaryimage\",\"url\":\"https:\\\/\\\/www.gassendi.asso.fr\\\/wpg\\\/wp-content\\\/uploads\\\/2019\\\/06\\\/PSinit1a.jpg\",\"contentUrl\":\"https:\\\/\\\/www.gassendi.asso.fr\\\/wpg\\\/wp-content\\\/uploads\\\/2019\\\/06\\\/PSinit1a.jpg\",\"width\":281,\"height\":233},{\"@type\":\"BreadcrumbList\",\"@id\":\"https:\\\/\\\/www.gassendi.asso.fr\\\/wpg\\\/les-cours__trashed\\\/photomontage\\\/#breadcrumb\",\"itemListElement\":[{\"@type\":\"ListItem\",\"position\":1,\"name\":\"Accueil\",\"item\":\"https:\\\/\\\/www.gassendi.asso.fr\\\/wpg\\\/\"},{\"@type\":\"ListItem\",\"position\":2,\"name\":\"Photomontage\"}]},{\"@type\":\"WebSite\",\"@id\":\"https:\\\/\\\/www.gassendi.asso.fr\\\/wpg\\\/#website\",\"url\":\"https:\\\/\\\/www.gassendi.asso.fr\\\/wpg\\\/\",\"name\":\"Club Informatique Gassendi\",\"description\":\"L&#039;autre fa\u00e7on d&#039;apprendre l&#039;informatique ...\",\"publisher\":{\"@id\":\"https:\\\/\\\/www.gassendi.asso.fr\\\/wpg\\\/#organization\"},\"potentialAction\":[{\"@type\":\"SearchAction\",\"target\":{\"@type\":\"EntryPoint\",\"urlTemplate\":\"https:\\\/\\\/www.gassendi.asso.fr\\\/wpg\\\/?s={search_term_string}\"},\"query-input\":{\"@type\":\"PropertyValueSpecification\",\"valueRequired\":true,\"valueName\":\"search_term_string\"}}],\"inLanguage\":\"fr-FR\"},{\"@type\":\"Organization\",\"@id\":\"https:\\\/\\\/www.gassendi.asso.fr\\\/wpg\\\/#organization\",\"name\":\"Club Informatique Gassendi\",\"url\":\"https:\\\/\\\/www.gassendi.asso.fr\\\/wpg\\\/\",\"logo\":{\"@type\":\"ImageObject\",\"inLanguage\":\"fr-FR\",\"@id\":\"https:\\\/\\\/www.gassendi.asso.fr\\\/wpg\\\/#\\\/schema\\\/logo\\\/image\\\/\",\"url\":\"http:\\\/\\\/www.gassendi.asso.fr\\\/wpg\\\/wp-content\\\/uploads\\\/2019\\\/06\\\/logo-cig_165x150.jpg\",\"contentUrl\":\"http:\\\/\\\/www.gassendi.asso.fr\\\/wpg\\\/wp-content\\\/uploads\\\/2019\\\/06\\\/logo-cig_165x150.jpg\",\"width\":165,\"height\":150,\"caption\":\"Club Informatique Gassendi\"},\"image\":{\"@id\":\"https:\\\/\\\/www.gassendi.asso.fr\\\/wpg\\\/#\\\/schema\\\/logo\\\/image\\\/\"}}]}<\/script>\n<!-- \/ Yoast SEO plugin. -->","yoast_head_json":{"title":"Photomontage - Club Informatique Gassendi","robots":{"index":"index","follow":"follow","max-snippet":"max-snippet:-1","max-image-preview":"max-image-preview:large","max-video-preview":"max-video-preview:-1"},"canonical":"https:\/\/www.gassendi.asso.fr\/wpg\/les-cours__trashed\/photomontage\/","og_locale":"fr_FR","og_type":"article","og_title":"Photomontage - Club Informatique Gassendi","og_description":"Photomontage niveau 1 Pr\u00e9-requis : \u00catre \u00e0 l&rsquo;aise avec Windows 10, Grande maitrise de la souris Initiation avec Photoshop Elements D\u00e9couverte du logiciel Apprentissage des outils Utilisation des diff\u00e9rents menus Technique de s\u00e9lection et de manipulation d&rsquo;images : Le redimensionnement","og_url":"https:\/\/www.gassendi.asso.fr\/wpg\/les-cours__trashed\/photomontage\/","og_site_name":"Club Informatique Gassendi","article_modified_time":"2020-12-07T18:28:02+00:00","og_image":[{"url":"http:\/\/www.gassendi.asso.fr\/wpg\/wp-content\/uploads\/2019\/06\/PSinit1a.jpg","type":"","width":"","height":""}],"twitter_card":"summary_large_image","twitter_misc":{"Dur\u00e9e de lecture estim\u00e9e":"1 minute"},"schema":{"@context":"https:\/\/schema.org","@graph":[{"@type":"WebPage","@id":"https:\/\/www.gassendi.asso.fr\/wpg\/les-cours__trashed\/photomontage\/","url":"https:\/\/www.gassendi.asso.fr\/wpg\/les-cours__trashed\/photomontage\/","name":"Photomontage - Club Informatique Gassendi","isPartOf":{"@id":"https:\/\/www.gassendi.asso.fr\/wpg\/#website"},"primaryImageOfPage":{"@id":"https:\/\/www.gassendi.asso.fr\/wpg\/les-cours__trashed\/photomontage\/#primaryimage"},"image":{"@id":"https:\/\/www.gassendi.asso.fr\/wpg\/les-cours__trashed\/photomontage\/#primaryimage"},"thumbnailUrl":"http:\/\/www.gassendi.asso.fr\/wpg\/wp-content\/uploads\/2019\/06\/PSinit1a.jpg","datePublished":"2019-06-21T13:22:27+00:00","dateModified":"2020-12-07T18:28:02+00:00","breadcrumb":{"@id":"https:\/\/www.gassendi.asso.fr\/wpg\/les-cours__trashed\/photomontage\/#breadcrumb"},"inLanguage":"fr-FR","potentialAction":[{"@type":"ReadAction","target":["https:\/\/www.gassendi.asso.fr\/wpg\/les-cours__trashed\/photomontage\/"]}]},{"@type":"ImageObject","inLanguage":"fr-FR","@id":"https:\/\/www.gassendi.asso.fr\/wpg\/les-cours__trashed\/photomontage\/#primaryimage","url":"https:\/\/www.gassendi.asso.fr\/wpg\/wp-content\/uploads\/2019\/06\/PSinit1a.jpg","contentUrl":"https:\/\/www.gassendi.asso.fr\/wpg\/wp-content\/uploads\/2019\/06\/PSinit1a.jpg","width":281,"height":233},{"@type":"BreadcrumbList","@id":"https:\/\/www.gassendi.asso.fr\/wpg\/les-cours__trashed\/photomontage\/#breadcrumb","itemListElement":[{"@type":"ListItem","position":1,"name":"Accueil","item":"https:\/\/www.gassendi.asso.fr\/wpg\/"},{"@type":"ListItem","position":2,"name":"Photomontage"}]},{"@type":"WebSite","@id":"https:\/\/www.gassendi.asso.fr\/wpg\/#website","url":"https:\/\/www.gassendi.asso.fr\/wpg\/","name":"Club Informatique Gassendi","description":"L&#039;autre fa\u00e7on d&#039;apprendre l&#039;informatique ...","publisher":{"@id":"https:\/\/www.gassendi.asso.fr\/wpg\/#organization"},"potentialAction":[{"@type":"SearchAction","target":{"@type":"EntryPoint","urlTemplate":"https:\/\/www.gassendi.asso.fr\/wpg\/?s={search_term_string}"},"query-input":{"@type":"PropertyValueSpecification","valueRequired":true,"valueName":"search_term_string"}}],"inLanguage":"fr-FR"},{"@type":"Organization","@id":"https:\/\/www.gassendi.asso.fr\/wpg\/#organization","name":"Club Informatique Gassendi","url":"https:\/\/www.gassendi.asso.fr\/wpg\/","logo":{"@type":"ImageObject","inLanguage":"fr-FR","@id":"https:\/\/www.gassendi.asso.fr\/wpg\/#\/schema\/logo\/image\/","url":"http:\/\/www.gassendi.asso.fr\/wpg\/wp-content\/uploads\/2019\/06\/logo-cig_165x150.jpg","contentUrl":"http:\/\/www.gassendi.asso.fr\/wpg\/wp-content\/uploads\/2019\/06\/logo-cig_165x150.jpg","width":165,"height":150,"caption":"Club Informatique Gassendi"},"image":{"@id":"https:\/\/www.gassendi.asso.fr\/wpg\/#\/schema\/logo\/image\/"}}]}},"_links":{"self":[{"href":"https:\/\/www.gassendi.asso.fr\/wpg\/wp-json\/wp\/v2\/pages\/116","targetHints":{"allow":["GET"]}}],"collection":[{"href":"https:\/\/www.gassendi.asso.fr\/wpg\/wp-json\/wp\/v2\/pages"}],"about":[{"href":"https:\/\/www.gassendi.asso.fr\/wpg\/wp-json\/wp\/v2\/types\/page"}],"author":[{"embeddable":true,"href":"https:\/\/www.gassendi.asso.fr\/wpg\/wp-json\/wp\/v2\/users\/1"}],"replies":[{"embeddable":true,"href":"https:\/\/www.gassendi.asso.fr\/wpg\/wp-json\/wp\/v2\/comments?post=116"}],"version-history":[{"count":10,"href":"https:\/\/www.gassendi.asso.fr\/wpg\/wp-json\/wp\/v2\/pages\/116\/revisions"}],"predecessor-version":[{"id":2841,"href":"https:\/\/www.gassendi.asso.fr\/wpg\/wp-json\/wp\/v2\/pages\/116\/revisions\/2841"}],"wp:attachment":[{"href":"https:\/\/www.gassendi.asso.fr\/wpg\/wp-json\/wp\/v2\/media?parent=116"}],"curies":[{"name":"wp","href":"https:\/\/api.w.org\/{rel}","templated":true}]}}