{"id":167,"date":"2019-06-21T17:01:10","date_gmt":"2019-06-21T15:01:10","guid":{"rendered":"http:\/\/www.gassendi.asso.fr\/wpg\/?page_id=167"},"modified":"2020-12-07T19:28:44","modified_gmt":"2020-12-07T18:28:44","slug":"powerpoint","status":"publish","type":"page","link":"https:\/\/www.gassendi.asso.fr\/wpg\/powerpoint\/","title":{"rendered":"Diaporama &#8211; PowerPoint"},"content":{"rendered":"\n<p>Cr\u00e9er des diaporamas anim\u00e9s et sonoris\u00e9s avec le logiciel <strong>PowerPoint<\/strong><\/p>\n<p><img fetchpriority=\"high\" decoding=\"async\" class=\"size-full wp-image-169 alignnone\" src=\"https:\/\/www.gassendi.asso.fr\/wpg\/wp-content\/uploads\/2019\/06\/powerpoint1.jpg\" alt=\"\" width=\"1000\" height=\"563\" srcset=\"https:\/\/www.gassendi.asso.fr\/wpg\/wp-content\/uploads\/2019\/06\/powerpoint1.jpg 1000w, https:\/\/www.gassendi.asso.fr\/wpg\/wp-content\/uploads\/2019\/06\/powerpoint1-300x169.jpg 300w, https:\/\/www.gassendi.asso.fr\/wpg\/wp-content\/uploads\/2019\/06\/powerpoint1-768x432.jpg 768w\" sizes=\"(max-width: 1000px) 100vw, 1000px\" \/><\/p>\n<h2>D\u00e9marrer PowerPoint<\/h2>\n<ul>\n<li>Comprendre l\u2019\u00e9cran de PowerPoint<\/li>\n<li>Utiliser les menus et les barres d\u2019outils<\/li>\n<li>Utiliser les bo\u00eetes de dialogues<\/li>\n<li>Utiliser les menus du bouton droit de la souris<\/li>\n<li>Les diff\u00e9rents fichiers .ppt &#8211; .pptx et .pps &#8211; .ppsx<\/li>\n<li>Ouvrir et enregistrer des pr\u00e9sentations<\/li>\n<\/ul>\n<h2>Cr\u00e9er un diaporama<\/h2>\n<ul>\n<li>Mise en page des diapositives<\/li>\n<li>Insertion des images jpeg et gifs anim\u00e9s<\/li>\n<li>Insertion de sons WAV<\/li>\n<li>Insertion de musique MP3<\/li>\n<li>Ajouter du texte<\/li>\n<li>Ajouter des transitions et des effets<\/li>\n<li>Enregistrement et visualisation des diaporamas<\/li>\n<li>Comment envoyer son diaporama par E-mail<\/li>\n<li>Cr\u00e9er une vid\u00e9o via la version PowerPoint 2010<\/li>\n<\/ul>\n","protected":false},"excerpt":{"rendered":"<p>Cr\u00e9er des diaporamas anim\u00e9s et sonoris\u00e9s avec le logiciel PowerPoint D\u00e9marrer PowerPoint Comprendre l\u2019\u00e9cran de PowerPoint Utiliser les menus et les barres d\u2019outils Utiliser les bo\u00eetes de dialogues Utiliser les menus du bouton droit de la souris Les diff\u00e9rents fichiers<\/p>\n","protected":false},"author":1,"featured_media":0,"parent":0,"menu_order":0,"comment_status":"closed","ping_status":"closed","template":"","meta":{"_eb_attr":"","_exactmetrics_skip_tracking":false,"_exactmetrics_sitenote_active":false,"_exactmetrics_sitenote_note":"","_exactmetrics_sitenote_category":0,"footnotes":""},"class_list":["post-167","page","type-page","status-publish","hentry"],"yoast_head":"<!-- This site is optimized with the Yoast SEO plugin v27.3 - https:\/\/yoast.com\/product\/yoast-seo-wordpress\/ -->\n<title>Diaporama - PowerPoint - Club Informatique Gassendi<\/title>\n<meta name=\"robots\" content=\"index, follow, max-snippet:-1, max-image-preview:large, max-video-preview:-1\" \/>\n<link rel=\"canonical\" href=\"https:\/\/www.gassendi.asso.fr\/wpg\/les-cours__trashed\/powerpoint\/\" \/>\n<meta property=\"og:locale\" content=\"fr_FR\" \/>\n<meta property=\"og:type\" content=\"article\" \/>\n<meta property=\"og:title\" content=\"Diaporama - PowerPoint - Club Informatique Gassendi\" \/>\n<meta property=\"og:description\" content=\"Cr\u00e9er des diaporamas anim\u00e9s et sonoris\u00e9s avec le logiciel PowerPoint D\u00e9marrer PowerPoint Comprendre l\u2019\u00e9cran de PowerPoint Utiliser les menus et les barres d\u2019outils Utiliser les bo\u00eetes de dialogues Utiliser les menus du bouton droit de la souris Les diff\u00e9rents fichiers\" \/>\n<meta property=\"og:url\" content=\"https:\/\/www.gassendi.asso.fr\/wpg\/les-cours__trashed\/powerpoint\/\" \/>\n<meta property=\"og:site_name\" content=\"Club Informatique Gassendi\" \/>\n<meta property=\"article:modified_time\" content=\"2020-12-07T18:28:44+00:00\" \/>\n<meta property=\"og:image\" content=\"http:\/\/www.gassendi.asso.fr\/wpg\/wp-content\/uploads\/2019\/06\/powerpoint1.jpg\" \/>\n<meta name=\"twitter:card\" content=\"summary_large_image\" \/>\n<meta name=\"twitter:label1\" content=\"Dur\u00e9e de lecture estim\u00e9e\" \/>\n\t<meta name=\"twitter:data1\" content=\"1 minute\" \/>\n<script type=\"application\/ld+json\" class=\"yoast-schema-graph\">{\"@context\":\"https:\\\/\\\/schema.org\",\"@graph\":[{\"@type\":\"WebPage\",\"@id\":\"https:\\\/\\\/www.gassendi.asso.fr\\\/wpg\\\/les-cours__trashed\\\/powerpoint\\\/\",\"url\":\"https:\\\/\\\/www.gassendi.asso.fr\\\/wpg\\\/les-cours__trashed\\\/powerpoint\\\/\",\"name\":\"Diaporama - PowerPoint - Club Informatique Gassendi\",\"isPartOf\":{\"@id\":\"https:\\\/\\\/www.gassendi.asso.fr\\\/wpg\\\/#website\"},\"primaryImageOfPage\":{\"@id\":\"https:\\\/\\\/www.gassendi.asso.fr\\\/wpg\\\/les-cours__trashed\\\/powerpoint\\\/#primaryimage\"},\"image\":{\"@id\":\"https:\\\/\\\/www.gassendi.asso.fr\\\/wpg\\\/les-cours__trashed\\\/powerpoint\\\/#primaryimage\"},\"thumbnailUrl\":\"http:\\\/\\\/www.gassendi.asso.fr\\\/wpg\\\/wp-content\\\/uploads\\\/2019\\\/06\\\/powerpoint1.jpg\",\"datePublished\":\"2019-06-21T15:01:10+00:00\",\"dateModified\":\"2020-12-07T18:28:44+00:00\",\"breadcrumb\":{\"@id\":\"https:\\\/\\\/www.gassendi.asso.fr\\\/wpg\\\/les-cours__trashed\\\/powerpoint\\\/#breadcrumb\"},\"inLanguage\":\"fr-FR\",\"potentialAction\":[{\"@type\":\"ReadAction\",\"target\":[\"https:\\\/\\\/www.gassendi.asso.fr\\\/wpg\\\/les-cours__trashed\\\/powerpoint\\\/\"]}]},{\"@type\":\"ImageObject\",\"inLanguage\":\"fr-FR\",\"@id\":\"https:\\\/\\\/www.gassendi.asso.fr\\\/wpg\\\/les-cours__trashed\\\/powerpoint\\\/#primaryimage\",\"url\":\"https:\\\/\\\/www.gassendi.asso.fr\\\/wpg\\\/wp-content\\\/uploads\\\/2019\\\/06\\\/powerpoint1.jpg\",\"contentUrl\":\"https:\\\/\\\/www.gassendi.asso.fr\\\/wpg\\\/wp-content\\\/uploads\\\/2019\\\/06\\\/powerpoint1.jpg\",\"width\":1000,\"height\":563},{\"@type\":\"BreadcrumbList\",\"@id\":\"https:\\\/\\\/www.gassendi.asso.fr\\\/wpg\\\/les-cours__trashed\\\/powerpoint\\\/#breadcrumb\",\"itemListElement\":[{\"@type\":\"ListItem\",\"position\":1,\"name\":\"Accueil\",\"item\":\"https:\\\/\\\/www.gassendi.asso.fr\\\/wpg\\\/\"},{\"@type\":\"ListItem\",\"position\":2,\"name\":\"Diaporama &#8211; PowerPoint\"}]},{\"@type\":\"WebSite\",\"@id\":\"https:\\\/\\\/www.gassendi.asso.fr\\\/wpg\\\/#website\",\"url\":\"https:\\\/\\\/www.gassendi.asso.fr\\\/wpg\\\/\",\"name\":\"Club Informatique Gassendi\",\"description\":\"L&#039;autre fa\u00e7on d&#039;apprendre l&#039;informatique ...\",\"publisher\":{\"@id\":\"https:\\\/\\\/www.gassendi.asso.fr\\\/wpg\\\/#organization\"},\"potentialAction\":[{\"@type\":\"SearchAction\",\"target\":{\"@type\":\"EntryPoint\",\"urlTemplate\":\"https:\\\/\\\/www.gassendi.asso.fr\\\/wpg\\\/?s={search_term_string}\"},\"query-input\":{\"@type\":\"PropertyValueSpecification\",\"valueRequired\":true,\"valueName\":\"search_term_string\"}}],\"inLanguage\":\"fr-FR\"},{\"@type\":\"Organization\",\"@id\":\"https:\\\/\\\/www.gassendi.asso.fr\\\/wpg\\\/#organization\",\"name\":\"Club Informatique Gassendi\",\"url\":\"https:\\\/\\\/www.gassendi.asso.fr\\\/wpg\\\/\",\"logo\":{\"@type\":\"ImageObject\",\"inLanguage\":\"fr-FR\",\"@id\":\"https:\\\/\\\/www.gassendi.asso.fr\\\/wpg\\\/#\\\/schema\\\/logo\\\/image\\\/\",\"url\":\"http:\\\/\\\/www.gassendi.asso.fr\\\/wpg\\\/wp-content\\\/uploads\\\/2019\\\/06\\\/logo-cig_165x150.jpg\",\"contentUrl\":\"http:\\\/\\\/www.gassendi.asso.fr\\\/wpg\\\/wp-content\\\/uploads\\\/2019\\\/06\\\/logo-cig_165x150.jpg\",\"width\":165,\"height\":150,\"caption\":\"Club Informatique Gassendi\"},\"image\":{\"@id\":\"https:\\\/\\\/www.gassendi.asso.fr\\\/wpg\\\/#\\\/schema\\\/logo\\\/image\\\/\"}}]}<\/script>\n<!-- \/ Yoast SEO plugin. -->","yoast_head_json":{"title":"Diaporama - PowerPoint - Club Informatique Gassendi","robots":{"index":"index","follow":"follow","max-snippet":"max-snippet:-1","max-image-preview":"max-image-preview:large","max-video-preview":"max-video-preview:-1"},"canonical":"https:\/\/www.gassendi.asso.fr\/wpg\/les-cours__trashed\/powerpoint\/","og_locale":"fr_FR","og_type":"article","og_title":"Diaporama - PowerPoint - Club Informatique Gassendi","og_description":"Cr\u00e9er des diaporamas anim\u00e9s et sonoris\u00e9s avec le logiciel PowerPoint D\u00e9marrer PowerPoint Comprendre l\u2019\u00e9cran de PowerPoint Utiliser les menus et les barres d\u2019outils Utiliser les bo\u00eetes de dialogues Utiliser les menus du bouton droit de la souris Les diff\u00e9rents fichiers","og_url":"https:\/\/www.gassendi.asso.fr\/wpg\/les-cours__trashed\/powerpoint\/","og_site_name":"Club Informatique Gassendi","article_modified_time":"2020-12-07T18:28:44+00:00","og_image":[{"url":"http:\/\/www.gassendi.asso.fr\/wpg\/wp-content\/uploads\/2019\/06\/powerpoint1.jpg","type":"","width":"","height":""}],"twitter_card":"summary_large_image","twitter_misc":{"Dur\u00e9e de lecture estim\u00e9e":"1 minute"},"schema":{"@context":"https:\/\/schema.org","@graph":[{"@type":"WebPage","@id":"https:\/\/www.gassendi.asso.fr\/wpg\/les-cours__trashed\/powerpoint\/","url":"https:\/\/www.gassendi.asso.fr\/wpg\/les-cours__trashed\/powerpoint\/","name":"Diaporama - PowerPoint - Club Informatique Gassendi","isPartOf":{"@id":"https:\/\/www.gassendi.asso.fr\/wpg\/#website"},"primaryImageOfPage":{"@id":"https:\/\/www.gassendi.asso.fr\/wpg\/les-cours__trashed\/powerpoint\/#primaryimage"},"image":{"@id":"https:\/\/www.gassendi.asso.fr\/wpg\/les-cours__trashed\/powerpoint\/#primaryimage"},"thumbnailUrl":"http:\/\/www.gassendi.asso.fr\/wpg\/wp-content\/uploads\/2019\/06\/powerpoint1.jpg","datePublished":"2019-06-21T15:01:10+00:00","dateModified":"2020-12-07T18:28:44+00:00","breadcrumb":{"@id":"https:\/\/www.gassendi.asso.fr\/wpg\/les-cours__trashed\/powerpoint\/#breadcrumb"},"inLanguage":"fr-FR","potentialAction":[{"@type":"ReadAction","target":["https:\/\/www.gassendi.asso.fr\/wpg\/les-cours__trashed\/powerpoint\/"]}]},{"@type":"ImageObject","inLanguage":"fr-FR","@id":"https:\/\/www.gassendi.asso.fr\/wpg\/les-cours__trashed\/powerpoint\/#primaryimage","url":"https:\/\/www.gassendi.asso.fr\/wpg\/wp-content\/uploads\/2019\/06\/powerpoint1.jpg","contentUrl":"https:\/\/www.gassendi.asso.fr\/wpg\/wp-content\/uploads\/2019\/06\/powerpoint1.jpg","width":1000,"height":563},{"@type":"BreadcrumbList","@id":"https:\/\/www.gassendi.asso.fr\/wpg\/les-cours__trashed\/powerpoint\/#breadcrumb","itemListElement":[{"@type":"ListItem","position":1,"name":"Accueil","item":"https:\/\/www.gassendi.asso.fr\/wpg\/"},{"@type":"ListItem","position":2,"name":"Diaporama &#8211; PowerPoint"}]},{"@type":"WebSite","@id":"https:\/\/www.gassendi.asso.fr\/wpg\/#website","url":"https:\/\/www.gassendi.asso.fr\/wpg\/","name":"Club Informatique Gassendi","description":"L&#039;autre fa\u00e7on d&#039;apprendre l&#039;informatique ...","publisher":{"@id":"https:\/\/www.gassendi.asso.fr\/wpg\/#organization"},"potentialAction":[{"@type":"SearchAction","target":{"@type":"EntryPoint","urlTemplate":"https:\/\/www.gassendi.asso.fr\/wpg\/?s={search_term_string}"},"query-input":{"@type":"PropertyValueSpecification","valueRequired":true,"valueName":"search_term_string"}}],"inLanguage":"fr-FR"},{"@type":"Organization","@id":"https:\/\/www.gassendi.asso.fr\/wpg\/#organization","name":"Club Informatique Gassendi","url":"https:\/\/www.gassendi.asso.fr\/wpg\/","logo":{"@type":"ImageObject","inLanguage":"fr-FR","@id":"https:\/\/www.gassendi.asso.fr\/wpg\/#\/schema\/logo\/image\/","url":"http:\/\/www.gassendi.asso.fr\/wpg\/wp-content\/uploads\/2019\/06\/logo-cig_165x150.jpg","contentUrl":"http:\/\/www.gassendi.asso.fr\/wpg\/wp-content\/uploads\/2019\/06\/logo-cig_165x150.jpg","width":165,"height":150,"caption":"Club Informatique Gassendi"},"image":{"@id":"https:\/\/www.gassendi.asso.fr\/wpg\/#\/schema\/logo\/image\/"}}]}},"_links":{"self":[{"href":"https:\/\/www.gassendi.asso.fr\/wpg\/wp-json\/wp\/v2\/pages\/167","targetHints":{"allow":["GET"]}}],"collection":[{"href":"https:\/\/www.gassendi.asso.fr\/wpg\/wp-json\/wp\/v2\/pages"}],"about":[{"href":"https:\/\/www.gassendi.asso.fr\/wpg\/wp-json\/wp\/v2\/types\/page"}],"author":[{"embeddable":true,"href":"https:\/\/www.gassendi.asso.fr\/wpg\/wp-json\/wp\/v2\/users\/1"}],"replies":[{"embeddable":true,"href":"https:\/\/www.gassendi.asso.fr\/wpg\/wp-json\/wp\/v2\/comments?post=167"}],"version-history":[{"count":3,"href":"https:\/\/www.gassendi.asso.fr\/wpg\/wp-json\/wp\/v2\/pages\/167\/revisions"}],"predecessor-version":[{"id":250,"href":"https:\/\/www.gassendi.asso.fr\/wpg\/wp-json\/wp\/v2\/pages\/167\/revisions\/250"}],"wp:attachment":[{"href":"https:\/\/www.gassendi.asso.fr\/wpg\/wp-json\/wp\/v2\/media?parent=167"}],"curies":[{"name":"wp","href":"https:\/\/api.w.org\/{rel}","templated":true}]}}