{"id":187,"date":"2019-06-21T22:27:50","date_gmt":"2019-06-21T20:27:50","guid":{"rendered":"http:\/\/www.gassendi.asso.fr\/wpg\/?page_id=187"},"modified":"2019-06-21T22:27:50","modified_gmt":"2019-06-21T20:27:50","slug":"la-licence-creative-commons","status":"publish","type":"page","link":"https:\/\/www.gassendi.asso.fr\/wpg\/la-licence-creative-commons\/","title":{"rendered":"La licence Cr\u00e9ative Commons"},"content":{"rendered":"\n<p><img decoding=\"async\" class=\"aligncenter size-full wp-image-189\" src=\"https:\/\/www.gassendi.asso.fr\/wpg\/wp-content\/uploads\/2019\/06\/Creative-Commons.png\" alt=\"\" width=\"304\" height=\"82\" srcset=\"https:\/\/www.gassendi.asso.fr\/wpg\/wp-content\/uploads\/2019\/06\/Creative-Commons.png 304w, https:\/\/www.gassendi.asso.fr\/wpg\/wp-content\/uploads\/2019\/06\/Creative-Commons-300x81.png 300w\" sizes=\"(max-width: 304px) 100vw, 304px\" \/><\/p>\n<p>Sauf mention contraire, le contenu de ce site (ce qui inclut textes, photographies, et toutes \u0153uvres originales) est mis \u00e0 disposition sous contrat Creative Commons.<br \/>D\u00e9tails : <a href=\"http:\/\/creativecommons.org\/licenses\/by-nc-nd\/3.0\/fr\/\">http:\/\/creativecommons.org\/licenses\/by-nc-nd\/3.0\/fr\/<\/a><\/p>\n<h3>La licence publique g\u00e9n\u00e9rale GNU (GPL)<\/h3>\n<p><img decoding=\"async\" class=\"alignright wp-image-190 size-thumbnail\" src=\"https:\/\/www.gassendi.asso.fr\/wpg\/wp-content\/uploads\/2019\/06\/GNU_logo-150x150.png\" alt=\"\" width=\"150\" height=\"150\" \/>Les logiciels que nous utilisons pour la cr\u00e9ation de ce site, comme WordPress et The Gimp sont sous cette licence. La Licence publique g\u00e9n\u00e9rale GNU, ou GNU GPL pour GNU General Public License en anglais, est une licence qui fixe les conditions l\u00e9gales de distribution des logiciels libres du projet GNU. Richard Stallman et Eben Moglen, deux des grands acteurs de la Free Software Foundation, en furent les premiers r\u00e9dacteurs. Sa derni\u00e8re version est la GNU GPL version 3 de 2007.<\/p>\n<h3>Les fondements de la GPL<\/h3>\n<p>Personne ne devrait \u00eatre limit\u00e9 par les logiciels qu&rsquo;il utilise. Il y a quatre libert\u00e9s que tout utilisateur devrait avoir :<\/p>\n<ul>\n<li>la libert\u00e9 d&rsquo;utiliser le logiciel pour n&rsquo;importe quel usage,<\/li>\n<li>la libert\u00e9 d&rsquo;am\u00e9liorer le programme pour r\u00e9pondre \u00e0 vos besoins,<\/li>\n<li>la libert\u00e9 de redistribuer des copies \u00e0 vos amis, voisins, et<\/li>\n<li>la libert\u00e9 de redistribuer ces am\u00e9liorations.<\/li>\n<\/ul>\n<p>Quand un programme offre \u00e0 ses utilisateurs toutes ces libert\u00e9s, nous le qualifions de logiciel libre.<\/p>\n<p>Les d\u00e9veloppeurs qui \u00e9crivent des logiciels peuvent les publier sous les termes de la licence GNU GPL. Ce faisant, leur logiciel sera libre et le restera, ind\u00e9pendamment de qui modifiera et distribuera ce logiciel. Nous appelons cela copyleft : le logiciel est bien soumis au droit d&rsquo;auteur, mais plut\u00f4t que d&rsquo;utiliser ces droits pour restreindre l&rsquo;utilisation que peuvent en faire les utilisateurs (comme c&rsquo;est le cas dans les logiciels privateurs), nous les utilisons pour nous assurer que tous les utilisateurs auront ces libert\u00e9s.<\/p>\n<p style=\"text-align: right;\"><em>Club informatique Gassendi<\/em><\/p>\n","protected":false},"excerpt":{"rendered":"<p>Sauf mention contraire, le contenu de ce site (ce qui inclut textes, photographies, et toutes \u0153uvres originales) est mis \u00e0 disposition sous contrat Creative Commons.D\u00e9tails : http:\/\/creativecommons.org\/licenses\/by-nc-nd\/3.0\/fr\/ La licence publique g\u00e9n\u00e9rale GNU (GPL) Les logiciels que nous utilisons pour la<\/p>\n","protected":false},"author":1,"featured_media":0,"parent":0,"menu_order":0,"comment_status":"closed","ping_status":"closed","template":"","meta":{"_eb_attr":"","_exactmetrics_skip_tracking":false,"_exactmetrics_sitenote_active":false,"_exactmetrics_sitenote_note":"","_exactmetrics_sitenote_category":0,"footnotes":""},"class_list":["post-187","page","type-page","status-publish","hentry"],"yoast_head":"<!-- This site is optimized with the Yoast SEO plugin v27.4 - https:\/\/yoast.com\/product\/yoast-seo-wordpress\/ -->\n<title>La licence Cr\u00e9ative Commons - Club Informatique Gassendi<\/title>\n<meta name=\"robots\" content=\"index, follow, max-snippet:-1, max-image-preview:large, max-video-preview:-1\" \/>\n<link rel=\"canonical\" href=\"https:\/\/www.gassendi.asso.fr\/wpg\/la-licence-creative-commons\/\" \/>\n<meta property=\"og:locale\" content=\"fr_FR\" \/>\n<meta property=\"og:type\" content=\"article\" \/>\n<meta property=\"og:title\" content=\"La licence Cr\u00e9ative Commons - Club Informatique Gassendi\" \/>\n<meta property=\"og:description\" content=\"Sauf mention contraire, le contenu de ce site (ce qui inclut textes, photographies, et toutes \u0153uvres originales) est mis \u00e0 disposition sous contrat Creative Commons.D\u00e9tails : http:\/\/creativecommons.org\/licenses\/by-nc-nd\/3.0\/fr\/ La licence publique g\u00e9n\u00e9rale GNU (GPL) Les logiciels que nous utilisons pour la\" \/>\n<meta property=\"og:url\" content=\"https:\/\/www.gassendi.asso.fr\/wpg\/la-licence-creative-commons\/\" \/>\n<meta property=\"og:site_name\" content=\"Club Informatique Gassendi\" \/>\n<meta property=\"og:image\" content=\"http:\/\/www.gassendi.asso.fr\/wpg\/wp-content\/uploads\/2019\/06\/Creative-Commons.png\" \/>\n<meta name=\"twitter:card\" content=\"summary_large_image\" \/>\n<meta name=\"twitter:label1\" content=\"Dur\u00e9e de lecture estim\u00e9e\" \/>\n\t<meta name=\"twitter:data1\" content=\"1 minute\" \/>\n<script type=\"application\/ld+json\" class=\"yoast-schema-graph\">{\"@context\":\"https:\\\/\\\/schema.org\",\"@graph\":[{\"@type\":\"WebPage\",\"@id\":\"https:\\\/\\\/www.gassendi.asso.fr\\\/wpg\\\/la-licence-creative-commons\\\/\",\"url\":\"https:\\\/\\\/www.gassendi.asso.fr\\\/wpg\\\/la-licence-creative-commons\\\/\",\"name\":\"La licence Cr\u00e9ative Commons - Club Informatique Gassendi\",\"isPartOf\":{\"@id\":\"https:\\\/\\\/www.gassendi.asso.fr\\\/wpg\\\/#website\"},\"primaryImageOfPage\":{\"@id\":\"https:\\\/\\\/www.gassendi.asso.fr\\\/wpg\\\/la-licence-creative-commons\\\/#primaryimage\"},\"image\":{\"@id\":\"https:\\\/\\\/www.gassendi.asso.fr\\\/wpg\\\/la-licence-creative-commons\\\/#primaryimage\"},\"thumbnailUrl\":\"http:\\\/\\\/www.gassendi.asso.fr\\\/wpg\\\/wp-content\\\/uploads\\\/2019\\\/06\\\/Creative-Commons.png\",\"datePublished\":\"2019-06-21T20:27:50+00:00\",\"breadcrumb\":{\"@id\":\"https:\\\/\\\/www.gassendi.asso.fr\\\/wpg\\\/la-licence-creative-commons\\\/#breadcrumb\"},\"inLanguage\":\"fr-FR\",\"potentialAction\":[{\"@type\":\"ReadAction\",\"target\":[\"https:\\\/\\\/www.gassendi.asso.fr\\\/wpg\\\/la-licence-creative-commons\\\/\"]}]},{\"@type\":\"ImageObject\",\"inLanguage\":\"fr-FR\",\"@id\":\"https:\\\/\\\/www.gassendi.asso.fr\\\/wpg\\\/la-licence-creative-commons\\\/#primaryimage\",\"url\":\"http:\\\/\\\/www.gassendi.asso.fr\\\/wpg\\\/wp-content\\\/uploads\\\/2019\\\/06\\\/Creative-Commons.png\",\"contentUrl\":\"http:\\\/\\\/www.gassendi.asso.fr\\\/wpg\\\/wp-content\\\/uploads\\\/2019\\\/06\\\/Creative-Commons.png\"},{\"@type\":\"BreadcrumbList\",\"@id\":\"https:\\\/\\\/www.gassendi.asso.fr\\\/wpg\\\/la-licence-creative-commons\\\/#breadcrumb\",\"itemListElement\":[{\"@type\":\"ListItem\",\"position\":1,\"name\":\"Accueil\",\"item\":\"https:\\\/\\\/www.gassendi.asso.fr\\\/wpg\\\/\"},{\"@type\":\"ListItem\",\"position\":2,\"name\":\"La licence Cr\u00e9ative Commons\"}]},{\"@type\":\"WebSite\",\"@id\":\"https:\\\/\\\/www.gassendi.asso.fr\\\/wpg\\\/#website\",\"url\":\"https:\\\/\\\/www.gassendi.asso.fr\\\/wpg\\\/\",\"name\":\"Club Informatique Gassendi\",\"description\":\"L&#039;autre fa\u00e7on d&#039;apprendre l&#039;informatique ...\",\"publisher\":{\"@id\":\"https:\\\/\\\/www.gassendi.asso.fr\\\/wpg\\\/#organization\"},\"potentialAction\":[{\"@type\":\"SearchAction\",\"target\":{\"@type\":\"EntryPoint\",\"urlTemplate\":\"https:\\\/\\\/www.gassendi.asso.fr\\\/wpg\\\/?s={search_term_string}\"},\"query-input\":{\"@type\":\"PropertyValueSpecification\",\"valueRequired\":true,\"valueName\":\"search_term_string\"}}],\"inLanguage\":\"fr-FR\"},{\"@type\":\"Organization\",\"@id\":\"https:\\\/\\\/www.gassendi.asso.fr\\\/wpg\\\/#organization\",\"name\":\"Club Informatique Gassendi\",\"url\":\"https:\\\/\\\/www.gassendi.asso.fr\\\/wpg\\\/\",\"logo\":{\"@type\":\"ImageObject\",\"inLanguage\":\"fr-FR\",\"@id\":\"https:\\\/\\\/www.gassendi.asso.fr\\\/wpg\\\/#\\\/schema\\\/logo\\\/image\\\/\",\"url\":\"http:\\\/\\\/www.gassendi.asso.fr\\\/wpg\\\/wp-content\\\/uploads\\\/2019\\\/06\\\/logo-cig_165x150.jpg\",\"contentUrl\":\"http:\\\/\\\/www.gassendi.asso.fr\\\/wpg\\\/wp-content\\\/uploads\\\/2019\\\/06\\\/logo-cig_165x150.jpg\",\"width\":165,\"height\":150,\"caption\":\"Club Informatique Gassendi\"},\"image\":{\"@id\":\"https:\\\/\\\/www.gassendi.asso.fr\\\/wpg\\\/#\\\/schema\\\/logo\\\/image\\\/\"}}]}<\/script>\n<!-- \/ Yoast SEO plugin. -->","yoast_head_json":{"title":"La licence Cr\u00e9ative Commons - Club Informatique Gassendi","robots":{"index":"index","follow":"follow","max-snippet":"max-snippet:-1","max-image-preview":"max-image-preview:large","max-video-preview":"max-video-preview:-1"},"canonical":"https:\/\/www.gassendi.asso.fr\/wpg\/la-licence-creative-commons\/","og_locale":"fr_FR","og_type":"article","og_title":"La licence Cr\u00e9ative Commons - Club Informatique Gassendi","og_description":"Sauf mention contraire, le contenu de ce site (ce qui inclut textes, photographies, et toutes \u0153uvres originales) est mis \u00e0 disposition sous contrat Creative Commons.D\u00e9tails : http:\/\/creativecommons.org\/licenses\/by-nc-nd\/3.0\/fr\/ La licence publique g\u00e9n\u00e9rale GNU (GPL) Les logiciels que nous utilisons pour la","og_url":"https:\/\/www.gassendi.asso.fr\/wpg\/la-licence-creative-commons\/","og_site_name":"Club Informatique Gassendi","og_image":[{"url":"http:\/\/www.gassendi.asso.fr\/wpg\/wp-content\/uploads\/2019\/06\/Creative-Commons.png","type":"","width":"","height":""}],"twitter_card":"summary_large_image","twitter_misc":{"Dur\u00e9e de lecture estim\u00e9e":"1 minute"},"schema":{"@context":"https:\/\/schema.org","@graph":[{"@type":"WebPage","@id":"https:\/\/www.gassendi.asso.fr\/wpg\/la-licence-creative-commons\/","url":"https:\/\/www.gassendi.asso.fr\/wpg\/la-licence-creative-commons\/","name":"La licence Cr\u00e9ative Commons - Club Informatique Gassendi","isPartOf":{"@id":"https:\/\/www.gassendi.asso.fr\/wpg\/#website"},"primaryImageOfPage":{"@id":"https:\/\/www.gassendi.asso.fr\/wpg\/la-licence-creative-commons\/#primaryimage"},"image":{"@id":"https:\/\/www.gassendi.asso.fr\/wpg\/la-licence-creative-commons\/#primaryimage"},"thumbnailUrl":"http:\/\/www.gassendi.asso.fr\/wpg\/wp-content\/uploads\/2019\/06\/Creative-Commons.png","datePublished":"2019-06-21T20:27:50+00:00","breadcrumb":{"@id":"https:\/\/www.gassendi.asso.fr\/wpg\/la-licence-creative-commons\/#breadcrumb"},"inLanguage":"fr-FR","potentialAction":[{"@type":"ReadAction","target":["https:\/\/www.gassendi.asso.fr\/wpg\/la-licence-creative-commons\/"]}]},{"@type":"ImageObject","inLanguage":"fr-FR","@id":"https:\/\/www.gassendi.asso.fr\/wpg\/la-licence-creative-commons\/#primaryimage","url":"http:\/\/www.gassendi.asso.fr\/wpg\/wp-content\/uploads\/2019\/06\/Creative-Commons.png","contentUrl":"http:\/\/www.gassendi.asso.fr\/wpg\/wp-content\/uploads\/2019\/06\/Creative-Commons.png"},{"@type":"BreadcrumbList","@id":"https:\/\/www.gassendi.asso.fr\/wpg\/la-licence-creative-commons\/#breadcrumb","itemListElement":[{"@type":"ListItem","position":1,"name":"Accueil","item":"https:\/\/www.gassendi.asso.fr\/wpg\/"},{"@type":"ListItem","position":2,"name":"La licence Cr\u00e9ative Commons"}]},{"@type":"WebSite","@id":"https:\/\/www.gassendi.asso.fr\/wpg\/#website","url":"https:\/\/www.gassendi.asso.fr\/wpg\/","name":"Club Informatique Gassendi","description":"L&#039;autre fa\u00e7on d&#039;apprendre l&#039;informatique ...","publisher":{"@id":"https:\/\/www.gassendi.asso.fr\/wpg\/#organization"},"potentialAction":[{"@type":"SearchAction","target":{"@type":"EntryPoint","urlTemplate":"https:\/\/www.gassendi.asso.fr\/wpg\/?s={search_term_string}"},"query-input":{"@type":"PropertyValueSpecification","valueRequired":true,"valueName":"search_term_string"}}],"inLanguage":"fr-FR"},{"@type":"Organization","@id":"https:\/\/www.gassendi.asso.fr\/wpg\/#organization","name":"Club Informatique Gassendi","url":"https:\/\/www.gassendi.asso.fr\/wpg\/","logo":{"@type":"ImageObject","inLanguage":"fr-FR","@id":"https:\/\/www.gassendi.asso.fr\/wpg\/#\/schema\/logo\/image\/","url":"http:\/\/www.gassendi.asso.fr\/wpg\/wp-content\/uploads\/2019\/06\/logo-cig_165x150.jpg","contentUrl":"http:\/\/www.gassendi.asso.fr\/wpg\/wp-content\/uploads\/2019\/06\/logo-cig_165x150.jpg","width":165,"height":150,"caption":"Club Informatique Gassendi"},"image":{"@id":"https:\/\/www.gassendi.asso.fr\/wpg\/#\/schema\/logo\/image\/"}}]}},"_links":{"self":[{"href":"https:\/\/www.gassendi.asso.fr\/wpg\/wp-json\/wp\/v2\/pages\/187","targetHints":{"allow":["GET"]}}],"collection":[{"href":"https:\/\/www.gassendi.asso.fr\/wpg\/wp-json\/wp\/v2\/pages"}],"about":[{"href":"https:\/\/www.gassendi.asso.fr\/wpg\/wp-json\/wp\/v2\/types\/page"}],"author":[{"embeddable":true,"href":"https:\/\/www.gassendi.asso.fr\/wpg\/wp-json\/wp\/v2\/users\/1"}],"replies":[{"embeddable":true,"href":"https:\/\/www.gassendi.asso.fr\/wpg\/wp-json\/wp\/v2\/comments?post=187"}],"version-history":[{"count":2,"href":"https:\/\/www.gassendi.asso.fr\/wpg\/wp-json\/wp\/v2\/pages\/187\/revisions"}],"predecessor-version":[{"id":191,"href":"https:\/\/www.gassendi.asso.fr\/wpg\/wp-json\/wp\/v2\/pages\/187\/revisions\/191"}],"wp:attachment":[{"href":"https:\/\/www.gassendi.asso.fr\/wpg\/wp-json\/wp\/v2\/media?parent=187"}],"curies":[{"name":"wp","href":"https:\/\/api.w.org\/{rel}","templated":true}]}}