{"id":251,"date":"2020-10-02T15:27:32","date_gmt":"2020-10-02T13:27:32","guid":{"rendered":"http:\/\/www.gassendi.asso.fr\/wpg\/?page_id=251"},"modified":"2025-11-23T17:36:52","modified_gmt":"2025-11-23T16:36:52","slug":"planning-2023-2024","status":"publish","type":"page","link":"https:\/\/www.gassendi.asso.fr\/wpg\/planning-2023-2024\/","title":{"rendered":"Planning pr\u00e9visionnel 2025-2026"},"content":{"rendered":"\n<p>Du lundi 02 Octobre 2023 au vendredi 31mai 2024 (la date de fin des cours est susceptible de varier en fonction des animateurs, n&rsquo;h\u00e9siter pas \u00e0 les solliciter). <strong>Le nombre de places disponibles est limit\u00e9.<\/strong> Particuli\u00e8rement pour les cours Initiation et Excursion, n&rsquo;h\u00e9sitez pas \u00e0 nous contacter si vous \u00eates int\u00e9ress\u00e9(e).&nbsp;<\/p>\n\n\n\n<table style=\"border-collapse: collapse; width: 105.452%; height: 161px;\">\n<tbody>\n<tr style=\"height: 46px;\">\n<th style=\"width: 9.79005%; height: 46px;\">\u00a0<\/th>\n<th style=\"width: 30.21%; height: 46px; text-align: left;\">Matin<\/th>\n<th style=\"width: 20%; height: 46px;\">Apr\u00e8s-midi 14H00-16H00<\/th>\n<th style=\"width: 20%; height: 46px;\">Apr\u00e8s-midi 16H30-18H30<\/th>\n<th style=\"width: 25.63%; height: 46px;\">Soir\u00e9e 19H00-21H00<\/th>\n<\/tr>\n<tr style=\"height: 23px;\">\n<th style=\"width: 9.79005%; height: 23px; text-align: left;\">Lundi<\/th>\n<td style=\"width: 30.21%; height: 23px; background-color: #ffffff; text-align: center;\">\n<p>9H30-11H30<\/p>\n<p><span style=\"background-color: #ffffff;\">Initiation<\/span><br \/><span style=\"background-color: #ffffff;\">Daniel P.<br \/><\/span>Assistant : Michel G.<\/p>\n<\/td>\n<td style=\"width: 20%; height: 23px; text-align: center;\">Photomontage 1<br \/>(Cours non dispens\u00e9 cette saison)<\/td>\n<td style=\"width: 20%; height: 23px; text-align: center;\">Diaporama1 &#8211; PowerPoint<br \/>Paula P.<\/td>\n<td style=\"width: 25.63%; height: 23px; text-align: center;\">Cycles courts<\/td>\n<\/tr>\n<tr style=\"height: 23px;\">\n<th style=\"width: 9.79005%; height: 23px; text-align: left;\">Mardi<\/th>\n<td style=\"width: 30.21%; height: 23px; text-align: center;\">\n<p>9H30-11H30<\/p>\n<p>Photomontage 2<br \/>Paula P.<\/p>\n<\/td>\n<td style=\"width: 20%; height: 23px; text-align: center;\">Excursion Informatique 1<br \/>Thierry L.C.<\/td>\n<td style=\"width: 20%; height: 23px; text-align: center;\">Photomontage 3<br \/>Paula P.<\/td>\n<td style=\"width: 25.63%; height: 23px; text-align: center;\">\n<p>G\u00e9nie Num\u00e9rique<br \/>Denis M.<br \/>(ou jeudi)<\/p>\n<\/td>\n<\/tr>\n<tr style=\"height: 23px;\">\n<th style=\"width: 9.79005%; height: 23px; text-align: left;\">Mercredi<\/th>\n<td style=\"width: 30.21%; height: 23px; text-align: center;\">\n<p>9H00-12H00<\/p>\n<p>Excursion Informatique 2<br \/>Thierry L.C.<\/p>\n<\/td>\n<td style=\"width: 40%; height: 23px; text-align: center;\" colspan=\"2\"><span style=\"text-decoration: underline;\">Permanence*<\/span><\/td>\n<td style=\"width: 25.63%; height: 23px; text-align: center;\">\u00a0<\/td>\n<\/tr>\n<tr style=\"height: 23px;\">\n<th style=\"width: 9.79005%; height: 23px; text-align: left;\">Jeudi<\/th>\n<td style=\"width: 30.21%; height: 23px; text-align: center;\">\n<p>9H00-12H00<\/p>\n<p>Maison connect\u00e9e<br \/>G\u00e9rard L. \/ Jean G.<\/p>\n<\/td>\n<td style=\"width: 20%; height: 23px; text-align: center;\">\n<p>Cycles courts<\/p>\n<\/td>\n<td style=\"width: 20%; height: 23px; text-align: center;\">\n<p>Cycles courts<\/p>\n<\/td>\n<td style=\"width: 25.63%; height: 23px; text-align: center;\">\n<p>G\u00e9nie Num\u00e9rique<br \/>Denis M.<br \/>(ou mardi)<\/p>\n<\/td>\n<\/tr>\n<tr style=\"height: 23px;\">\n<th style=\"width: 9.79005%; height: 23px; text-align: left;\">Vendredi<\/th>\n<td style=\"width: 30.21%; height: 23px; text-align: center;\">\n<p>9H00-11H00<\/p>\n<p>Initiation<br \/>Michel G.<br \/>Assistant : Bernard L.<\/p>\n<\/td>\n<td style=\"width: 20%; height: 23px; text-align: center;\">Cycles courts<\/td>\n<td style=\"width: 20%; height: 23px; text-align: center;\">Cycles courts<\/td>\n<td style=\"width: 25.63%; height: 23px; text-align: center;\">\u00a0<\/td>\n<\/tr>\n<\/tbody>\n<\/table>\n<p>Les cycles courts seront consacr\u00e9s aux th\u00e8mes suivants :<\/p>\n<ul>\n<li>Cyber s\u00e9curit\u00e9 (Sensibilisation \u00e0 la s\u00e9curit\u00e9 informatique et protections de vos donn\u00e9es), Le Samedi de 14h \u00e0 16h (ou 9h \u00e0 11h) \u00e0 confirmer<\/li>\n<li>T\u00e9l\u00e9gram et Maison connect\u00e9e (service de messagerie instantan\u00e9e multiplateforme), avec G\u00e9rard L. Le Mercredi (14h- 16h30)<\/li>\n<li>Linux (syst\u00e8me d&rsquo;exploitation open source), avec G\u00e9rard L. Le Mercredi (14h- 16h30)<\/li>\n<li>La Trousse \u00e0 outils (pour ordinateur), avec Marc C. (Cf planning des Cycles Courts)<\/li>\n<li>Movie Maker (logiciel de montage vid\u00e9o), Paula P. Le vendredi : 16h30 \u2013 18h30,<\/li>\n<li>Windows 11, sauvegarde et maintenance, avec Claude L. Le lundi : 19h-21h00,<\/li>\n<li>Word, d\u00e9couverte et perfectionnement sur le fameux traitement de texte, avec Paula P. Le Vendredi : 16h30 \u2013 18h30,<\/li>\n<li>Comment acheter sur Internet, avec Marc C. (Cf planning des Cycles Courts)<\/li>\n<li>Andro\u00efd et PC, avec Marc C. (Cf planning des Cycles Courts)<\/li>\n<li>Format Factory, un convertisseur de fichiers multim\u00e9dia, avec Claude L. Le lundi : 19h-21h00.,<\/li>\n<li>Photofiltre, logiciel gratuit de retouche d&rsquo;images, avec Raymond L. Le mercredi : 9h -11h,<\/li>\n<li>Montage d&rsquo;un ordinateur, avec Claude L. ou Marc C. (sur RDV),<\/li>\n<li>Audacity : \u00e9diteur gratuit audio multi format, avec Claude L. Le lundi : 19h-21h00.<\/li>\n<\/ul>\n<p>Ces cycles courts, compos\u00e9s de 2 \u00e0 6 s\u00e9quences, sont propos\u00e9s \u00e0 diff\u00e9rentes dates et ne sont r\u00e9alis\u00e9s que si le nombre d&rsquo;apprenants est suffisant.<\/p>\n<p>\u00a0<\/p>\n<hr \/>\n<p>\u00a0<\/p>\n<p>\u00a0<\/p>\n","protected":false},"excerpt":{"rendered":"<p>Du lundi 02 Octobre 2023 au vendredi 31mai 2024 (la date de fin des cours est susceptible de varier en fonction des animateurs, n&rsquo;h\u00e9siter pas \u00e0 les solliciter). Le nombre de places disponibles est limit\u00e9. Particuli\u00e8rement pour les cours Initiation<\/p>\n","protected":false},"author":6,"featured_media":0,"parent":0,"menu_order":0,"comment_status":"closed","ping_status":"closed","template":"","meta":{"_eb_attr":"","_exactmetrics_skip_tracking":false,"_exactmetrics_sitenote_active":false,"_exactmetrics_sitenote_note":"","_exactmetrics_sitenote_category":0,"footnotes":""},"class_list":["post-251","page","type-page","status-publish","hentry"],"yoast_head":"<!-- This site is optimized with the Yoast SEO plugin v27.5 - https:\/\/yoast.com\/product\/yoast-seo-wordpress\/ -->\n<title>Planning pr\u00e9visionnel 2025-2026 - Club Informatique Gassendi<\/title>\n<meta name=\"robots\" content=\"index, follow, max-snippet:-1, max-image-preview:large, max-video-preview:-1\" \/>\n<link rel=\"canonical\" href=\"https:\/\/www.gassendi.asso.fr\/wpg\/planning-2023-2024\/\" \/>\n<meta property=\"og:locale\" content=\"fr_FR\" \/>\n<meta property=\"og:type\" content=\"article\" \/>\n<meta property=\"og:title\" content=\"Planning pr\u00e9visionnel 2025-2026 - Club Informatique Gassendi\" \/>\n<meta property=\"og:description\" content=\"Du lundi 02 Octobre 2023 au vendredi 31mai 2024 (la date de fin des cours est susceptible de varier en fonction des animateurs, n&rsquo;h\u00e9siter pas \u00e0 les solliciter). Le nombre de places disponibles est limit\u00e9. Particuli\u00e8rement pour les cours Initiation\" \/>\n<meta property=\"og:url\" content=\"https:\/\/www.gassendi.asso.fr\/wpg\/planning-2023-2024\/\" \/>\n<meta property=\"og:site_name\" content=\"Club Informatique Gassendi\" \/>\n<meta property=\"article:modified_time\" content=\"2025-11-23T16:36:52+00:00\" \/>\n<meta name=\"twitter:card\" content=\"summary_large_image\" \/>\n<meta name=\"twitter:label1\" content=\"Dur\u00e9e de lecture estim\u00e9e\" \/>\n\t<meta name=\"twitter:data1\" content=\"2 minutes\" \/>\n<script type=\"application\/ld+json\" class=\"yoast-schema-graph\">{\"@context\":\"https:\\\/\\\/schema.org\",\"@graph\":[{\"@type\":\"WebPage\",\"@id\":\"https:\\\/\\\/www.gassendi.asso.fr\\\/wpg\\\/planning-2023-2024\\\/\",\"url\":\"https:\\\/\\\/www.gassendi.asso.fr\\\/wpg\\\/planning-2023-2024\\\/\",\"name\":\"Planning pr\u00e9visionnel 2025-2026 - Club Informatique Gassendi\",\"isPartOf\":{\"@id\":\"https:\\\/\\\/www.gassendi.asso.fr\\\/wpg\\\/#website\"},\"datePublished\":\"2020-10-02T13:27:32+00:00\",\"dateModified\":\"2025-11-23T16:36:52+00:00\",\"breadcrumb\":{\"@id\":\"https:\\\/\\\/www.gassendi.asso.fr\\\/wpg\\\/planning-2023-2024\\\/#breadcrumb\"},\"inLanguage\":\"fr-FR\",\"potentialAction\":[{\"@type\":\"ReadAction\",\"target\":[\"https:\\\/\\\/www.gassendi.asso.fr\\\/wpg\\\/planning-2023-2024\\\/\"]}]},{\"@type\":\"BreadcrumbList\",\"@id\":\"https:\\\/\\\/www.gassendi.asso.fr\\\/wpg\\\/planning-2023-2024\\\/#breadcrumb\",\"itemListElement\":[{\"@type\":\"ListItem\",\"position\":1,\"name\":\"Accueil\",\"item\":\"https:\\\/\\\/www.gassendi.asso.fr\\\/wpg\\\/\"},{\"@type\":\"ListItem\",\"position\":2,\"name\":\"Planning pr\u00e9visionnel 2025-2026\"}]},{\"@type\":\"WebSite\",\"@id\":\"https:\\\/\\\/www.gassendi.asso.fr\\\/wpg\\\/#website\",\"url\":\"https:\\\/\\\/www.gassendi.asso.fr\\\/wpg\\\/\",\"name\":\"Club Informatique Gassendi\",\"description\":\"L&#039;autre fa\u00e7on d&#039;apprendre l&#039;informatique ...\",\"publisher\":{\"@id\":\"https:\\\/\\\/www.gassendi.asso.fr\\\/wpg\\\/#organization\"},\"potentialAction\":[{\"@type\":\"SearchAction\",\"target\":{\"@type\":\"EntryPoint\",\"urlTemplate\":\"https:\\\/\\\/www.gassendi.asso.fr\\\/wpg\\\/?s={search_term_string}\"},\"query-input\":{\"@type\":\"PropertyValueSpecification\",\"valueRequired\":true,\"valueName\":\"search_term_string\"}}],\"inLanguage\":\"fr-FR\"},{\"@type\":\"Organization\",\"@id\":\"https:\\\/\\\/www.gassendi.asso.fr\\\/wpg\\\/#organization\",\"name\":\"Club Informatique Gassendi\",\"url\":\"https:\\\/\\\/www.gassendi.asso.fr\\\/wpg\\\/\",\"logo\":{\"@type\":\"ImageObject\",\"inLanguage\":\"fr-FR\",\"@id\":\"https:\\\/\\\/www.gassendi.asso.fr\\\/wpg\\\/#\\\/schema\\\/logo\\\/image\\\/\",\"url\":\"http:\\\/\\\/www.gassendi.asso.fr\\\/wpg\\\/wp-content\\\/uploads\\\/2019\\\/06\\\/logo-cig_165x150.jpg\",\"contentUrl\":\"http:\\\/\\\/www.gassendi.asso.fr\\\/wpg\\\/wp-content\\\/uploads\\\/2019\\\/06\\\/logo-cig_165x150.jpg\",\"width\":165,\"height\":150,\"caption\":\"Club Informatique Gassendi\"},\"image\":{\"@id\":\"https:\\\/\\\/www.gassendi.asso.fr\\\/wpg\\\/#\\\/schema\\\/logo\\\/image\\\/\"}}]}<\/script>\n<!-- \/ Yoast SEO plugin. -->","yoast_head_json":{"title":"Planning pr\u00e9visionnel 2025-2026 - Club Informatique Gassendi","robots":{"index":"index","follow":"follow","max-snippet":"max-snippet:-1","max-image-preview":"max-image-preview:large","max-video-preview":"max-video-preview:-1"},"canonical":"https:\/\/www.gassendi.asso.fr\/wpg\/planning-2023-2024\/","og_locale":"fr_FR","og_type":"article","og_title":"Planning pr\u00e9visionnel 2025-2026 - Club Informatique Gassendi","og_description":"Du lundi 02 Octobre 2023 au vendredi 31mai 2024 (la date de fin des cours est susceptible de varier en fonction des animateurs, n&rsquo;h\u00e9siter pas \u00e0 les solliciter). Le nombre de places disponibles est limit\u00e9. Particuli\u00e8rement pour les cours Initiation","og_url":"https:\/\/www.gassendi.asso.fr\/wpg\/planning-2023-2024\/","og_site_name":"Club Informatique Gassendi","article_modified_time":"2025-11-23T16:36:52+00:00","twitter_card":"summary_large_image","twitter_misc":{"Dur\u00e9e de lecture estim\u00e9e":"2 minutes"},"schema":{"@context":"https:\/\/schema.org","@graph":[{"@type":"WebPage","@id":"https:\/\/www.gassendi.asso.fr\/wpg\/planning-2023-2024\/","url":"https:\/\/www.gassendi.asso.fr\/wpg\/planning-2023-2024\/","name":"Planning pr\u00e9visionnel 2025-2026 - Club Informatique Gassendi","isPartOf":{"@id":"https:\/\/www.gassendi.asso.fr\/wpg\/#website"},"datePublished":"2020-10-02T13:27:32+00:00","dateModified":"2025-11-23T16:36:52+00:00","breadcrumb":{"@id":"https:\/\/www.gassendi.asso.fr\/wpg\/planning-2023-2024\/#breadcrumb"},"inLanguage":"fr-FR","potentialAction":[{"@type":"ReadAction","target":["https:\/\/www.gassendi.asso.fr\/wpg\/planning-2023-2024\/"]}]},{"@type":"BreadcrumbList","@id":"https:\/\/www.gassendi.asso.fr\/wpg\/planning-2023-2024\/#breadcrumb","itemListElement":[{"@type":"ListItem","position":1,"name":"Accueil","item":"https:\/\/www.gassendi.asso.fr\/wpg\/"},{"@type":"ListItem","position":2,"name":"Planning pr\u00e9visionnel 2025-2026"}]},{"@type":"WebSite","@id":"https:\/\/www.gassendi.asso.fr\/wpg\/#website","url":"https:\/\/www.gassendi.asso.fr\/wpg\/","name":"Club Informatique Gassendi","description":"L&#039;autre fa\u00e7on d&#039;apprendre l&#039;informatique ...","publisher":{"@id":"https:\/\/www.gassendi.asso.fr\/wpg\/#organization"},"potentialAction":[{"@type":"SearchAction","target":{"@type":"EntryPoint","urlTemplate":"https:\/\/www.gassendi.asso.fr\/wpg\/?s={search_term_string}"},"query-input":{"@type":"PropertyValueSpecification","valueRequired":true,"valueName":"search_term_string"}}],"inLanguage":"fr-FR"},{"@type":"Organization","@id":"https:\/\/www.gassendi.asso.fr\/wpg\/#organization","name":"Club Informatique Gassendi","url":"https:\/\/www.gassendi.asso.fr\/wpg\/","logo":{"@type":"ImageObject","inLanguage":"fr-FR","@id":"https:\/\/www.gassendi.asso.fr\/wpg\/#\/schema\/logo\/image\/","url":"http:\/\/www.gassendi.asso.fr\/wpg\/wp-content\/uploads\/2019\/06\/logo-cig_165x150.jpg","contentUrl":"http:\/\/www.gassendi.asso.fr\/wpg\/wp-content\/uploads\/2019\/06\/logo-cig_165x150.jpg","width":165,"height":150,"caption":"Club Informatique Gassendi"},"image":{"@id":"https:\/\/www.gassendi.asso.fr\/wpg\/#\/schema\/logo\/image\/"}}]}},"_links":{"self":[{"href":"https:\/\/www.gassendi.asso.fr\/wpg\/wp-json\/wp\/v2\/pages\/251","targetHints":{"allow":["GET"]}}],"collection":[{"href":"https:\/\/www.gassendi.asso.fr\/wpg\/wp-json\/wp\/v2\/pages"}],"about":[{"href":"https:\/\/www.gassendi.asso.fr\/wpg\/wp-json\/wp\/v2\/types\/page"}],"author":[{"embeddable":true,"href":"https:\/\/www.gassendi.asso.fr\/wpg\/wp-json\/wp\/v2\/users\/6"}],"replies":[{"embeddable":true,"href":"https:\/\/www.gassendi.asso.fr\/wpg\/wp-json\/wp\/v2\/comments?post=251"}],"version-history":[{"count":87,"href":"https:\/\/www.gassendi.asso.fr\/wpg\/wp-json\/wp\/v2\/pages\/251\/revisions"}],"predecessor-version":[{"id":2835,"href":"https:\/\/www.gassendi.asso.fr\/wpg\/wp-json\/wp\/v2\/pages\/251\/revisions\/2835"}],"wp:attachment":[{"href":"https:\/\/www.gassendi.asso.fr\/wpg\/wp-json\/wp\/v2\/media?parent=251"}],"curies":[{"name":"wp","href":"https:\/\/api.w.org\/{rel}","templated":true}]}}