{"id":502,"date":"2019-08-14T13:12:49","date_gmt":"2019-08-14T11:12:49","guid":{"rendered":"http:\/\/www.gassendi.asso.fr\/wpg\/?page_id=502"},"modified":"2020-12-14T19:21:52","modified_gmt":"2020-12-14T18:21:52","slug":"ateliers-objets-connectes","status":"publish","type":"page","link":"https:\/\/www.gassendi.asso.fr\/wpg\/le-monde-connecte\/ateliers-objets-connectes\/","title":{"rendered":"Ateliers objets connect\u00e9s"},"content":{"rendered":"\n<p>Le cours 2 intitul\u00e9 \u1fddAteliers objets connect\u00e9s\u201d s\u2019adresse aux plus curieux et va nous permettre de r\u00e9aliser des projets bas\u00e9s sur l\u2019utilisation de ces sites web publics et d\u2019objets connect\u00e9s. Ces objets connect\u00e9s sont ceux qu\u2019on trouvera dans le commerce ou qu\u2019on fabriquera nous-m\u00eames.<\/p>\n<p>Il y aurait tellement \u00e0 dire qu\u2019il va falloir que nous restions concentr\u00e9s sur l\u2019essentiel. Mon objectif n\u2019est pas de tout d\u00e9tailler, mais de vous mettre en app\u00e9tit.<\/p>\n<p>Si vous avez ensuite envie d\u2019en savoir plus (et je suis convaincu que cela va arriver\u2009!), de nombreux cours d\u2019approfondissement vous attendent ensuite\u2009au club!<\/p>\n<figure id=\"attachment_496\" aria-describedby=\"caption-attachment-496\" style=\"width: 820px\" class=\"wp-caption aligncenter\"><img fetchpriority=\"high\" decoding=\"async\" class=\"size-full wp-image-496\" src=\"https:\/\/www.gassendi.asso.fr\/wpg\/wp-content\/uploads\/2019\/08\/monde_connecte04.jpg\" alt=\"Le monde connect\u00e9 n4\" width=\"820\" height=\"463\" srcset=\"https:\/\/www.gassendi.asso.fr\/wpg\/wp-content\/uploads\/2019\/08\/monde_connecte04.jpg 820w, https:\/\/www.gassendi.asso.fr\/wpg\/wp-content\/uploads\/2019\/08\/monde_connecte04-300x169.jpg 300w, https:\/\/www.gassendi.asso.fr\/wpg\/wp-content\/uploads\/2019\/08\/monde_connecte04-768x434.jpg 768w\" sizes=\"(max-width: 820px) 100vw, 820px\" \/><figcaption id=\"caption-attachment-496\" class=\"wp-caption-text\">Ateliers objets connect\u00e9s &#8211; exemple de r\u00e9alisation<\/figcaption><\/figure>\n<p>Les objectifs de ces cours sont de vous permettre :<\/p>\n<ul>\n<li>d\u2019utiliser au mieux le monde connect\u00e9<\/li>\n<li>de faire les bons choix pour s\u2019\u00e9quiper<\/li>\n<li>de fabriquer vos propres objets connect\u00e9s<\/li>\n<\/ul>\n<p>Ces cours s\u2019adressent \u00e0 toute personne curieuse et qui sait naviguer sur internet \u00e0 partir d\u2019un PC.<\/p>\n<h3>Activit\u00e9s Pratiques (extrait) effectu\u00e9es durant le cours 2 : \u0314 \u0314 Ateliers Objets Connect\u00e9s \u201d<\/h3>\n<p style=\"text-align: left;\" align=\"center\"><u><b><span style=\"font-size: large;\">Bonjour, je suis la m<\/span><span style=\"font-size: large;\">aquette objet connect\u00e9<\/span> <span style=\"font-size: large;\"> \u0314 \u0314<\/span><span style=\"font-size: large;\">M\u00e9t\u00e9o<\/span><span style=\"font-size: large;\">\u201d<\/span><\/b><\/u><\/p>\n<p><img decoding=\"async\" class=\"aligncenter wp-image-525 size-medium\" src=\"https:\/\/www.gassendi.asso.fr\/wpg\/wp-content\/uploads\/2019\/08\/img1b-300x225.jpg\" alt=\"Le testeur temp\u00e9rature ext\u00e9rieure\" width=\"300\" height=\"225\" srcset=\"https:\/\/www.gassendi.asso.fr\/wpg\/wp-content\/uploads\/2019\/08\/img1b-300x225.jpg 300w, https:\/\/www.gassendi.asso.fr\/wpg\/wp-content\/uploads\/2019\/08\/img1b-768x576.jpg 768w, https:\/\/www.gassendi.asso.fr\/wpg\/wp-content\/uploads\/2019\/08\/img1b.jpg 1000w\" sizes=\"(max-width: 300px) 100vw, 300px\" \/><\/p>\n<p>J\u2019affiche l\u2019heure, la temp\u00e9rature et le taux d\u2019humidit\u00e9 en int\u00e9rieur.<\/p>\n<p><img decoding=\"async\" class=\"aligncenter wp-image-526 size-medium\" src=\"https:\/\/www.gassendi.asso.fr\/wpg\/wp-content\/uploads\/2019\/08\/img2b-300x225.jpg\" alt=\"Le testeur temp\u00e9rature int\u00e9rieure\" width=\"300\" height=\"225\" srcset=\"https:\/\/www.gassendi.asso.fr\/wpg\/wp-content\/uploads\/2019\/08\/img2b-300x225.jpg 300w, https:\/\/www.gassendi.asso.fr\/wpg\/wp-content\/uploads\/2019\/08\/img2b-768x576.jpg 768w, https:\/\/www.gassendi.asso.fr\/wpg\/wp-content\/uploads\/2019\/08\/img2b.jpg 1000w\" sizes=\"(max-width: 300px) 100vw, 300px\" \/><\/p>\n<p>J\u2019affiche aussi la temp\u00e9rature \u00e0 l\u2019ext\u00e9rieur, la pression atmosph\u00e9rique et la probabilit\u00e9 de pluie.<\/p>\n<p>J\u2019obtiens ces informations sur Internet.<\/p>\n<h3>Mais de quoi est compos\u00e9 cet objet<\/h3>\n<table style=\"border-collapse: collapse; width: 100%;\">\n<tbody>\n<tr>\n<td style=\"width: 48.7931%;\">\n<p><span style=\"text-decoration: underline;\"><strong>A<\/strong><\/span> : Ce composant (co\u00fbt : 2 Euros) me permet de mesurer la temp\u00e9rature et l\u2019humidit\u00e9.<\/p>\n<\/td>\n<td style=\"width: 47.931%;\"><img loading=\"lazy\" decoding=\"async\" class=\"alignnone wp-image-527 size-medium\" src=\"https:\/\/www.gassendi.asso.fr\/wpg\/wp-content\/uploads\/2019\/08\/img3b-300x225.jpg\" alt=\"Le capteur de temp\u00e9ratire\" width=\"300\" height=\"225\" srcset=\"https:\/\/www.gassendi.asso.fr\/wpg\/wp-content\/uploads\/2019\/08\/img3b-300x225.jpg 300w, https:\/\/www.gassendi.asso.fr\/wpg\/wp-content\/uploads\/2019\/08\/img3b-768x576.jpg 768w, https:\/\/www.gassendi.asso.fr\/wpg\/wp-content\/uploads\/2019\/08\/img3b.jpg 1000w\" sizes=\"(max-width: 300px) 100vw, 300px\" \/><\/td>\n<\/tr>\n<tr>\n<td style=\"width: 48.7931%;\"><img loading=\"lazy\" decoding=\"async\" class=\"alignnone wp-image-528 size-medium\" src=\"https:\/\/www.gassendi.asso.fr\/wpg\/wp-content\/uploads\/2019\/08\/img4b-300x225.jpg\" alt=\"Les composants du testeur\" width=\"300\" height=\"225\" srcset=\"https:\/\/www.gassendi.asso.fr\/wpg\/wp-content\/uploads\/2019\/08\/img4b-300x225.jpg 300w, https:\/\/www.gassendi.asso.fr\/wpg\/wp-content\/uploads\/2019\/08\/img4b-768x576.jpg 768w, https:\/\/www.gassendi.asso.fr\/wpg\/wp-content\/uploads\/2019\/08\/img4b.jpg 1000w\" sizes=\"(max-width: 300px) 100vw, 300px\" \/><\/td>\n<td style=\"width: 47.931%;\">\n<p><strong><span style=\"text-decoration: underline;\">A<\/span><\/strong> : Composant micro-ordinateur (ESP32, co\u00fbt ; 4 Euros).<\/p>\n<p><span style=\"text-decoration: underline;\"><strong>B<\/strong><\/span> : \u00c9cran (Oled , co\u00fbt 2 Euros)<\/p>\n<\/td>\n<\/tr>\n<\/tbody>\n<\/table>\n<p><strong>Le co\u00fbt total de cette maquette est de 8 Euros.<\/strong><\/p>\n","protected":false},"excerpt":{"rendered":"<p>Le cours 2 intitul\u00e9 \u1fddAteliers objets connect\u00e9s\u201d s\u2019adresse aux plus curieux et va nous permettre de r\u00e9aliser des projets bas\u00e9s sur l\u2019utilisation de ces sites web publics et d\u2019objets connect\u00e9s. Ces objets connect\u00e9s sont ceux qu\u2019on trouvera dans le commerce<\/p>\n","protected":false},"author":1,"featured_media":506,"parent":489,"menu_order":0,"comment_status":"closed","ping_status":"closed","template":"","meta":{"_eb_attr":"","_exactmetrics_skip_tracking":false,"_exactmetrics_sitenote_active":false,"_exactmetrics_sitenote_note":"","_exactmetrics_sitenote_category":0,"footnotes":""},"class_list":["post-502","page","type-page","status-publish","has-post-thumbnail","hentry"],"yoast_head":"<!-- This site is optimized with the Yoast SEO plugin v27.6 - https:\/\/yoast.com\/product\/yoast-seo-wordpress\/ -->\n<title>Ateliers objets connect\u00e9s - Club Informatique Gassendi<\/title>\n<meta name=\"description\" content=\"Le cours \u1fddAteliers objets connect\u00e9s\u201d s\u2019adresse aux plus curieux et va nous permettre de r\u00e9aliser des projets bas\u00e9s sur l\u2019utilisation d\u2019objets connect\u00e9s.\" \/>\n<meta name=\"robots\" content=\"index, follow, max-snippet:-1, max-image-preview:large, max-video-preview:-1\" \/>\n<link rel=\"canonical\" href=\"https:\/\/www.gassendi.asso.fr\/wpg\/les-cours__trashed\/le-monde-connecte\/ateliers-objets-connectes\/\" \/>\n<meta property=\"og:locale\" content=\"fr_FR\" \/>\n<meta property=\"og:type\" content=\"article\" \/>\n<meta property=\"og:title\" content=\"Ateliers objets connect\u00e9s - Club Informatique Gassendi\" \/>\n<meta property=\"og:description\" content=\"Le cours \u1fddAteliers objets connect\u00e9s\u201d s\u2019adresse aux plus curieux et va nous permettre de r\u00e9aliser des projets bas\u00e9s sur l\u2019utilisation d\u2019objets connect\u00e9s.\" \/>\n<meta property=\"og:url\" content=\"https:\/\/www.gassendi.asso.fr\/wpg\/les-cours__trashed\/le-monde-connecte\/ateliers-objets-connectes\/\" \/>\n<meta property=\"og:site_name\" content=\"Club Informatique Gassendi\" \/>\n<meta property=\"article:modified_time\" content=\"2020-12-14T18:21:52+00:00\" \/>\n<meta property=\"og:image\" content=\"https:\/\/www.gassendi.asso.fr\/wpg\/wp-content\/uploads\/2019\/08\/domo20-300.jpg\" \/>\n\t<meta property=\"og:image:width\" content=\"350\" \/>\n\t<meta property=\"og:image:height\" content=\"233\" \/>\n\t<meta property=\"og:image:type\" content=\"image\/jpeg\" \/>\n<meta name=\"twitter:card\" content=\"summary_large_image\" \/>\n<meta name=\"twitter:label1\" content=\"Dur\u00e9e de lecture estim\u00e9e\" \/>\n\t<meta name=\"twitter:data1\" content=\"1 minute\" \/>\n<script type=\"application\/ld+json\" class=\"yoast-schema-graph\">{\"@context\":\"https:\\\/\\\/schema.org\",\"@graph\":[{\"@type\":\"WebPage\",\"@id\":\"https:\\\/\\\/www.gassendi.asso.fr\\\/wpg\\\/les-cours__trashed\\\/le-monde-connecte\\\/ateliers-objets-connectes\\\/\",\"url\":\"https:\\\/\\\/www.gassendi.asso.fr\\\/wpg\\\/les-cours__trashed\\\/le-monde-connecte\\\/ateliers-objets-connectes\\\/\",\"name\":\"Ateliers objets connect\u00e9s - Club Informatique Gassendi\",\"isPartOf\":{\"@id\":\"https:\\\/\\\/www.gassendi.asso.fr\\\/wpg\\\/#website\"},\"primaryImageOfPage\":{\"@id\":\"https:\\\/\\\/www.gassendi.asso.fr\\\/wpg\\\/les-cours__trashed\\\/le-monde-connecte\\\/ateliers-objets-connectes\\\/#primaryimage\"},\"image\":{\"@id\":\"https:\\\/\\\/www.gassendi.asso.fr\\\/wpg\\\/les-cours__trashed\\\/le-monde-connecte\\\/ateliers-objets-connectes\\\/#primaryimage\"},\"thumbnailUrl\":\"https:\\\/\\\/www.gassendi.asso.fr\\\/wpg\\\/wp-content\\\/uploads\\\/2019\\\/08\\\/domo20-300.jpg\",\"datePublished\":\"2019-08-14T11:12:49+00:00\",\"dateModified\":\"2020-12-14T18:21:52+00:00\",\"description\":\"Le cours \u1fddAteliers objets connect\u00e9s\u201d s\u2019adresse aux plus curieux et va nous permettre de r\u00e9aliser des projets bas\u00e9s sur l\u2019utilisation d\u2019objets connect\u00e9s.\",\"breadcrumb\":{\"@id\":\"https:\\\/\\\/www.gassendi.asso.fr\\\/wpg\\\/les-cours__trashed\\\/le-monde-connecte\\\/ateliers-objets-connectes\\\/#breadcrumb\"},\"inLanguage\":\"fr-FR\",\"potentialAction\":[{\"@type\":\"ReadAction\",\"target\":[\"https:\\\/\\\/www.gassendi.asso.fr\\\/wpg\\\/les-cours__trashed\\\/le-monde-connecte\\\/ateliers-objets-connectes\\\/\"]}]},{\"@type\":\"ImageObject\",\"inLanguage\":\"fr-FR\",\"@id\":\"https:\\\/\\\/www.gassendi.asso.fr\\\/wpg\\\/les-cours__trashed\\\/le-monde-connecte\\\/ateliers-objets-connectes\\\/#primaryimage\",\"url\":\"https:\\\/\\\/www.gassendi.asso.fr\\\/wpg\\\/wp-content\\\/uploads\\\/2019\\\/08\\\/domo20-300.jpg\",\"contentUrl\":\"https:\\\/\\\/www.gassendi.asso.fr\\\/wpg\\\/wp-content\\\/uploads\\\/2019\\\/08\\\/domo20-300.jpg\",\"width\":350,\"height\":233},{\"@type\":\"BreadcrumbList\",\"@id\":\"https:\\\/\\\/www.gassendi.asso.fr\\\/wpg\\\/les-cours__trashed\\\/le-monde-connecte\\\/ateliers-objets-connectes\\\/#breadcrumb\",\"itemListElement\":[{\"@type\":\"ListItem\",\"position\":1,\"name\":\"Accueil\",\"item\":\"https:\\\/\\\/www.gassendi.asso.fr\\\/wpg\\\/\"},{\"@type\":\"ListItem\",\"position\":2,\"name\":\"Le monde connect\u00e9\",\"item\":\"https:\\\/\\\/www.gassendi.asso.fr\\\/wpg\\\/les-cours__trashed\\\/le-monde-connecte\\\/\"},{\"@type\":\"ListItem\",\"position\":3,\"name\":\"Ateliers objets connect\u00e9s\"}]},{\"@type\":\"WebSite\",\"@id\":\"https:\\\/\\\/www.gassendi.asso.fr\\\/wpg\\\/#website\",\"url\":\"https:\\\/\\\/www.gassendi.asso.fr\\\/wpg\\\/\",\"name\":\"Club Informatique Gassendi\",\"description\":\"L&#039;autre fa\u00e7on d&#039;apprendre l&#039;informatique ...\",\"publisher\":{\"@id\":\"https:\\\/\\\/www.gassendi.asso.fr\\\/wpg\\\/#organization\"},\"potentialAction\":[{\"@type\":\"SearchAction\",\"target\":{\"@type\":\"EntryPoint\",\"urlTemplate\":\"https:\\\/\\\/www.gassendi.asso.fr\\\/wpg\\\/?s={search_term_string}\"},\"query-input\":{\"@type\":\"PropertyValueSpecification\",\"valueRequired\":true,\"valueName\":\"search_term_string\"}}],\"inLanguage\":\"fr-FR\"},{\"@type\":\"Organization\",\"@id\":\"https:\\\/\\\/www.gassendi.asso.fr\\\/wpg\\\/#organization\",\"name\":\"Club Informatique Gassendi\",\"url\":\"https:\\\/\\\/www.gassendi.asso.fr\\\/wpg\\\/\",\"logo\":{\"@type\":\"ImageObject\",\"inLanguage\":\"fr-FR\",\"@id\":\"https:\\\/\\\/www.gassendi.asso.fr\\\/wpg\\\/#\\\/schema\\\/logo\\\/image\\\/\",\"url\":\"http:\\\/\\\/www.gassendi.asso.fr\\\/wpg\\\/wp-content\\\/uploads\\\/2019\\\/06\\\/logo-cig_165x150.jpg\",\"contentUrl\":\"http:\\\/\\\/www.gassendi.asso.fr\\\/wpg\\\/wp-content\\\/uploads\\\/2019\\\/06\\\/logo-cig_165x150.jpg\",\"width\":165,\"height\":150,\"caption\":\"Club Informatique Gassendi\"},\"image\":{\"@id\":\"https:\\\/\\\/www.gassendi.asso.fr\\\/wpg\\\/#\\\/schema\\\/logo\\\/image\\\/\"}}]}<\/script>\n<!-- \/ Yoast SEO plugin. -->","yoast_head_json":{"title":"Ateliers objets connect\u00e9s - Club Informatique Gassendi","description":"Le cours \u1fddAteliers objets connect\u00e9s\u201d s\u2019adresse aux plus curieux et va nous permettre de r\u00e9aliser des projets bas\u00e9s sur l\u2019utilisation d\u2019objets connect\u00e9s.","robots":{"index":"index","follow":"follow","max-snippet":"max-snippet:-1","max-image-preview":"max-image-preview:large","max-video-preview":"max-video-preview:-1"},"canonical":"https:\/\/www.gassendi.asso.fr\/wpg\/les-cours__trashed\/le-monde-connecte\/ateliers-objets-connectes\/","og_locale":"fr_FR","og_type":"article","og_title":"Ateliers objets connect\u00e9s - Club Informatique Gassendi","og_description":"Le cours \u1fddAteliers objets connect\u00e9s\u201d s\u2019adresse aux plus curieux et va nous permettre de r\u00e9aliser des projets bas\u00e9s sur l\u2019utilisation d\u2019objets connect\u00e9s.","og_url":"https:\/\/www.gassendi.asso.fr\/wpg\/les-cours__trashed\/le-monde-connecte\/ateliers-objets-connectes\/","og_site_name":"Club Informatique Gassendi","article_modified_time":"2020-12-14T18:21:52+00:00","og_image":[{"width":350,"height":233,"url":"https:\/\/www.gassendi.asso.fr\/wpg\/wp-content\/uploads\/2019\/08\/domo20-300.jpg","type":"image\/jpeg"}],"twitter_card":"summary_large_image","twitter_misc":{"Dur\u00e9e de lecture estim\u00e9e":"1 minute"},"schema":{"@context":"https:\/\/schema.org","@graph":[{"@type":"WebPage","@id":"https:\/\/www.gassendi.asso.fr\/wpg\/les-cours__trashed\/le-monde-connecte\/ateliers-objets-connectes\/","url":"https:\/\/www.gassendi.asso.fr\/wpg\/les-cours__trashed\/le-monde-connecte\/ateliers-objets-connectes\/","name":"Ateliers objets connect\u00e9s - Club Informatique Gassendi","isPartOf":{"@id":"https:\/\/www.gassendi.asso.fr\/wpg\/#website"},"primaryImageOfPage":{"@id":"https:\/\/www.gassendi.asso.fr\/wpg\/les-cours__trashed\/le-monde-connecte\/ateliers-objets-connectes\/#primaryimage"},"image":{"@id":"https:\/\/www.gassendi.asso.fr\/wpg\/les-cours__trashed\/le-monde-connecte\/ateliers-objets-connectes\/#primaryimage"},"thumbnailUrl":"https:\/\/www.gassendi.asso.fr\/wpg\/wp-content\/uploads\/2019\/08\/domo20-300.jpg","datePublished":"2019-08-14T11:12:49+00:00","dateModified":"2020-12-14T18:21:52+00:00","description":"Le cours \u1fddAteliers objets connect\u00e9s\u201d s\u2019adresse aux plus curieux et va nous permettre de r\u00e9aliser des projets bas\u00e9s sur l\u2019utilisation d\u2019objets connect\u00e9s.","breadcrumb":{"@id":"https:\/\/www.gassendi.asso.fr\/wpg\/les-cours__trashed\/le-monde-connecte\/ateliers-objets-connectes\/#breadcrumb"},"inLanguage":"fr-FR","potentialAction":[{"@type":"ReadAction","target":["https:\/\/www.gassendi.asso.fr\/wpg\/les-cours__trashed\/le-monde-connecte\/ateliers-objets-connectes\/"]}]},{"@type":"ImageObject","inLanguage":"fr-FR","@id":"https:\/\/www.gassendi.asso.fr\/wpg\/les-cours__trashed\/le-monde-connecte\/ateliers-objets-connectes\/#primaryimage","url":"https:\/\/www.gassendi.asso.fr\/wpg\/wp-content\/uploads\/2019\/08\/domo20-300.jpg","contentUrl":"https:\/\/www.gassendi.asso.fr\/wpg\/wp-content\/uploads\/2019\/08\/domo20-300.jpg","width":350,"height":233},{"@type":"BreadcrumbList","@id":"https:\/\/www.gassendi.asso.fr\/wpg\/les-cours__trashed\/le-monde-connecte\/ateliers-objets-connectes\/#breadcrumb","itemListElement":[{"@type":"ListItem","position":1,"name":"Accueil","item":"https:\/\/www.gassendi.asso.fr\/wpg\/"},{"@type":"ListItem","position":2,"name":"Le monde connect\u00e9","item":"https:\/\/www.gassendi.asso.fr\/wpg\/les-cours__trashed\/le-monde-connecte\/"},{"@type":"ListItem","position":3,"name":"Ateliers objets connect\u00e9s"}]},{"@type":"WebSite","@id":"https:\/\/www.gassendi.asso.fr\/wpg\/#website","url":"https:\/\/www.gassendi.asso.fr\/wpg\/","name":"Club Informatique Gassendi","description":"L&#039;autre fa\u00e7on d&#039;apprendre l&#039;informatique ...","publisher":{"@id":"https:\/\/www.gassendi.asso.fr\/wpg\/#organization"},"potentialAction":[{"@type":"SearchAction","target":{"@type":"EntryPoint","urlTemplate":"https:\/\/www.gassendi.asso.fr\/wpg\/?s={search_term_string}"},"query-input":{"@type":"PropertyValueSpecification","valueRequired":true,"valueName":"search_term_string"}}],"inLanguage":"fr-FR"},{"@type":"Organization","@id":"https:\/\/www.gassendi.asso.fr\/wpg\/#organization","name":"Club Informatique Gassendi","url":"https:\/\/www.gassendi.asso.fr\/wpg\/","logo":{"@type":"ImageObject","inLanguage":"fr-FR","@id":"https:\/\/www.gassendi.asso.fr\/wpg\/#\/schema\/logo\/image\/","url":"http:\/\/www.gassendi.asso.fr\/wpg\/wp-content\/uploads\/2019\/06\/logo-cig_165x150.jpg","contentUrl":"http:\/\/www.gassendi.asso.fr\/wpg\/wp-content\/uploads\/2019\/06\/logo-cig_165x150.jpg","width":165,"height":150,"caption":"Club Informatique Gassendi"},"image":{"@id":"https:\/\/www.gassendi.asso.fr\/wpg\/#\/schema\/logo\/image\/"}}]}},"_links":{"self":[{"href":"https:\/\/www.gassendi.asso.fr\/wpg\/wp-json\/wp\/v2\/pages\/502","targetHints":{"allow":["GET"]}}],"collection":[{"href":"https:\/\/www.gassendi.asso.fr\/wpg\/wp-json\/wp\/v2\/pages"}],"about":[{"href":"https:\/\/www.gassendi.asso.fr\/wpg\/wp-json\/wp\/v2\/types\/page"}],"author":[{"embeddable":true,"href":"https:\/\/www.gassendi.asso.fr\/wpg\/wp-json\/wp\/v2\/users\/1"}],"replies":[{"embeddable":true,"href":"https:\/\/www.gassendi.asso.fr\/wpg\/wp-json\/wp\/v2\/comments?post=502"}],"version-history":[{"count":8,"href":"https:\/\/www.gassendi.asso.fr\/wpg\/wp-json\/wp\/v2\/pages\/502\/revisions"}],"predecessor-version":[{"id":535,"href":"https:\/\/www.gassendi.asso.fr\/wpg\/wp-json\/wp\/v2\/pages\/502\/revisions\/535"}],"up":[{"embeddable":true,"href":"https:\/\/www.gassendi.asso.fr\/wpg\/wp-json\/wp\/v2\/pages\/489"}],"wp:featuredmedia":[{"embeddable":true,"href":"https:\/\/www.gassendi.asso.fr\/wpg\/wp-json\/wp\/v2\/media\/506"}],"wp:attachment":[{"href":"https:\/\/www.gassendi.asso.fr\/wpg\/wp-json\/wp\/v2\/media?parent=502"}],"curies":[{"name":"wp","href":"https:\/\/api.w.org\/{rel}","templated":true}]}}