{"id":810,"date":"2020-10-05T11:58:00","date_gmt":"2020-10-05T09:58:00","guid":{"rendered":"http:\/\/www.gassendi.asso.fr\/wpg\/?page_id=810"},"modified":"2022-05-11T16:07:41","modified_gmt":"2022-05-11T14:07:41","slug":"cours-initiation-2a","status":"publish","type":"page","link":"https:\/\/www.gassendi.asso.fr\/wpg\/initiation-2eme-annee\/cours-initiation-2a\/","title":{"rendered":"Supports de Cours Initiation 2A"},"content":{"rendered":"\n<p>Faire un clic gauche sur le cours pour lire le fichier <strong>ou<\/strong> un clic droit puis \u00ab\u00a0enregistrer le lien sous\u00a0\u00bb si vous utilisez Chrome ou Edge (ou \u00ab\u00a0enregistrer la cible du lien sous\u00a0\u00bb pour Firefox ou une phrase approchante pour les autres navigateurs Internet). <strong><em>Certains cours demandent l\u2019installation de logiciels,  je vous les transmettrais bien volontiers, il vous suffira de me les demander \u00e0 l&rsquo;adresse mail que je vous ai fournie en cours. <\/em><\/strong><\/p>\n\n\n\n<table class=\" aligncenter\" style=\"height: 558px; width: 93.2409%; border-collapse: collapse; border-style: solid;\">\n<tbody>\n<tr style=\"height: 33px;\">\n<td style=\"width: 37.9629%; height: 33px; text-align: center;\"><span style=\"color: #ff00ff;\">Titre du cours<\/span><\/td>\n<td style=\"width: 33.0556%; height: 33px; text-align: center;\"><span style=\"color: #ff00ff;\">Support PDF \u00e0 t\u00e9l\u00e9charger<\/span><\/td>\n<td style=\"width: 28.9814%; height: 33px; text-align: center;\"><span style=\"color: #ff00ff;\">Fichiers compress\u00e9s \u00e0 t\u00e9l\u00e9charger<\/span><\/td>\n<\/tr>\n<tr style=\"height: 15px;\">\n<td style=\"width: 37.9629%; height: 33px;\">\n<p>R\u00e9vision 1\/4<\/p>\n<\/td>\n<td style=\"width: 33.0556%; height: 33px;\">\n<p><a href=\"https:\/\/www.gassendi.asso.fr\/wpg\/wp-content\/uploads\/2021\/10\/Initiation_2_apprenant_cours_01_V1.3.pdf\">Initiation_2_apprenant_cours_01_V1.3<\/a><\/p>\n<\/td>\n<td style=\"width: 28.9814%; height: 33px;\">\u00a0<\/td>\n<\/tr>\n<tr style=\"height: 33px;\">\n<td style=\"width: 37.9629%; height: 33px;\">\n<p>R\u00e9vision 2\/4<\/p>\n<\/td>\n<td style=\"width: 33.0556%; height: 33px;\">\n<p><a href=\"https:\/\/www.gassendi.asso.fr\/wpg\/wp-content\/uploads\/2021\/10\/Initiation_2_apprenant_cours_02_V1.3.pdf\">Initiation_2_apprenant_cours_02_V1.3<\/a><\/p>\n<\/td>\n<td style=\"width: 28.9814%; height: 33px;\">\u00a0<\/td>\n<\/tr>\n<tr style=\"height: 33px;\">\n<td style=\"width: 37.9629%; height: 33px;\">\n<p>R\u00e9vision 3\/4<\/p>\n<\/td>\n<td style=\"width: 33.0556%; height: 33px;\">\n<p><a href=\"https:\/\/www.gassendi.asso.fr\/wpg\/wp-content\/uploads\/2021\/11\/Initiation_2_apprenant_cours_03_V1.1.pdf\">Initiation_2_apprenant_cours_03_V1.1<\/a><\/p>\n<\/td>\n<td style=\"width: 28.9814%; height: 33px;\">\n<p><a href=\"https:\/\/www.gassendi.asso.fr\/wpg\/wp-content\/uploads\/2021\/12\/Initiation_2A_Cours_03_exercices.zip\">Initiation_2A_Cours_03_exercices<\/a><\/p>\n<\/td>\n<\/tr>\n<tr style=\"height: 33px;\">\n<td style=\"width: 37.9629%; height: 33px;\">\n<p>R\u00e9vision 4\/4<\/p>\n<\/td>\n<td style=\"width: 33.0556%; height: 33px;\">\n<p><a href=\"https:\/\/www.gassendi.asso.fr\/wpg\/wp-content\/uploads\/2021\/11\/Initiation_2_apprenant_cours_04_V1.1.pdf\">Initiation_2_apprenant_cours_04_V1.1<\/a><\/p>\n<\/td>\n<td style=\"width: 28.9814%; height: 33px;\">\n<p><a href=\"https:\/\/www.gassendi.asso.fr\/wpg\/wp-content\/uploads\/2021\/12\/Initiation_2A_Cours_04_exercices.zip\">Initiation_2A_Cours_04_exercices<\/a><\/p>\n<\/td>\n<\/tr>\n<tr style=\"height: 33px;\">\n<td style=\"width: 37.9629%; height: 33px;\">\n<p>Organiser ses photos<\/p>\n<\/td>\n<td style=\"width: 33.0556%; height: 33px;\">\n<p><a href=\"https:\/\/www.gassendi.asso.fr\/wpg\/wp-content\/uploads\/2021\/12\/Initiation_2_apprenant_cours_05_V1.1.pdf\">Initiation_2_apprenant_cours_05_V1.1<\/a><\/p>\n<\/td>\n<td style=\"width: 28.9814%; height: 33px;\">\n<p><a href=\"https:\/\/www.gassendi.asso.fr\/wpg\/wp-content\/uploads\/2021\/12\/Initiation_2A_Cours_05_exercices.zip\">Initiation_2A_Cours_05_exercices<\/a><\/p>\n<\/td>\n<\/tr>\n<tr style=\"height: 33px;\">\n<td style=\"width: 37.9629%; height: 33px;\">\n<p>R\u00e9aliser un diaporama<\/p>\n<\/td>\n<td style=\"width: 33.0556%; height: 33px;\">\n<p><a href=\"https:\/\/www.gassendi.asso.fr\/wpg\/wp-content\/uploads\/2022\/01\/Initiation_2_apprenant_cours_06_V1.0.pdf\">Initiation_2_apprenant_cours_06_V1.0<\/a><\/p>\n<\/td>\n<td style=\"width: 28.9814%; height: 33px;\">\u00a0<\/td>\n<\/tr>\n<tr style=\"height: 36px;\">\n<td style=\"width: 37.9629%; height: 36px;\">\n<p>Composition<\/p>\n<\/td>\n<td style=\"width: 33.0556%; height: 36px;\">\n<p><a href=\"https:\/\/www.gassendi.asso.fr\/wpg\/wp-content\/uploads\/2022\/01\/Initiation_2_apprenant_cours_07_V1.0.pdf\">Initiation_2_apprenant_cours_07_V1.0<\/a><\/p>\n<\/td>\n<td style=\"width: 28.9814%; height: 36px;\">\u00a0<\/td>\n<\/tr>\n<tr style=\"height: 59px;\">\n<td style=\"width: 37.9629%; height: 59px;\">\n<p>Libre Office Writer (1\/2)<\/p>\n<\/td>\n<td style=\"width: 33.0556%; height: 59px;\">\n<p><a href=\"https:\/\/www.gassendi.asso.fr\/wpg\/wp-content\/uploads\/2022\/03\/Initiation_2_apprenant_cours_08_V0.2.pdf\">Initiation_2_apprenant_cours_08_V0.2<\/a><\/p>\n<\/td>\n<td style=\"width: 28.9814%; height: 59px;\">\u00a0<\/td>\n<\/tr>\n<tr style=\"height: 59px;\">\n<td style=\"width: 37.9629%; height: 77px;\">\n<p>\u00a0Libre Office Writer (2\/2)<\/p>\n<\/td>\n<td style=\"width: 33.0556%; height: 77px;\"><a href=\"https:\/\/www.gassendi.asso.fr\/wpg\/wp-content\/uploads\/2022\/03\/Initiation_2_apprenant_cours_09_V1.0.pdf\">Initiation_2_apprenant_cours_09_V1.0<\/a><\/td>\n<td style=\"width: 28.9814%; height: 77px;\">\u00a0<\/td>\n<\/tr>\n<tr style=\"height: 15px;\">\n<td style=\"width: 37.9629%; height: 10px;\">\n<p>Doctolib<\/p>\n<\/td>\n<td style=\"width: 33.0556%; height: 10px;\"><a href=\"https:\/\/www.gassendi.asso.fr\/wpg\/wp-content\/uploads\/2022\/04\/Initiation_2_apprenant_cours_10_V1.0.pdf\">Initiation_2_apprenant_cours_10_V1.0<\/a><\/td>\n<td style=\"width: 28.9814%; height: 10px;\">\u00a0<\/td>\n<\/tr>\n<tr style=\"height: 15px;\">\n<td style=\"width: 37.9629%; height: 36px;\">Traitements des courriels<\/td>\n<td style=\"width: 33.0556%; height: 36px;\"><a href=\"https:\/\/www.gassendi.asso.fr\/wpg\/wp-content\/uploads\/2022\/05\/Initiation_2_apprenant_cours_11_V0.1.pdf\">Initiation_2_apprenant_cours_11_V0.1<\/a><\/td>\n<td style=\"width: 28.9814%; height: 36px;\">\u00a0<\/td>\n<\/tr>\n<tr style=\"height: 15px;\">\n<td style=\"width: 37.9629%; height: 30px; text-align: center;\">\n<p style=\"text-align: left;\">YouTube<\/p>\n<\/td>\n<td style=\"width: 33.0556%; height: 30px;\"><a href=\"https:\/\/www.gassendi.asso.fr\/wpg\/wp-content\/uploads\/2022\/02\/Initiation_2_apprenant_cours_12_V1.0.pdf\">Initiation_2_apprenant_cours_12_V1.0<\/a><\/td>\n<td style=\"width: 28.9814%; height: 30px; text-align: center;\">\u00a0<\/td>\n<\/tr>\n<tr style=\"height: 15px;\">\n<td style=\"width: 37.9629%; height: 43px; text-align: center;\">\n<p>\u00a0<\/p>\n<\/td>\n<td style=\"width: 33.0556%; height: 43px;\">Le cours 13\u00a0 viendra\u00a0 en son temps<\/td>\n<td style=\"width: 28.9814%; height: 43px; text-align: center;\">\u00a0<\/td>\n<\/tr>\n<tr style=\"height: 36px;\">\n<td style=\"width: 37.9629%; height: 36px;\">Entretenir son PC : les disques<\/td>\n<td style=\"width: 33.0556%; height: 36px;\"><a href=\"https:\/\/www.gassendi.asso.fr\/wpg\/wp-content\/uploads\/2022\/01\/Initiation_2_apprenant_cours_14_V0.1.pdf\">Initiation_2_apprenant_cours_14_V0.1<\/a><\/td>\n<td style=\"width: 28.9814%; height: 36px;\">\u00a0<\/td>\n<\/tr>\n<\/tbody>\n<\/table>\n<p><!--more--><\/p>\n<p>\u00a0<\/p>\n","protected":false},"excerpt":{"rendered":"<p>Faire un clic gauche sur le cours pour lire le fichier ou un clic droit puis \u00ab\u00a0enregistrer le lien sous\u00a0\u00bb si vous utilisez Chrome ou Edge (ou \u00ab\u00a0enregistrer la cible du lien sous\u00a0\u00bb pour Firefox ou une phrase approchante pour<\/p>\n","protected":false},"author":6,"featured_media":0,"parent":104,"menu_order":0,"comment_status":"closed","ping_status":"closed","template":"","meta":{"_eb_attr":"","_exactmetrics_skip_tracking":false,"_exactmetrics_sitenote_active":false,"_exactmetrics_sitenote_note":"","_exactmetrics_sitenote_category":0,"footnotes":""},"class_list":["post-810","page","type-page","status-publish","hentry"],"yoast_head":"<!-- This site is optimized with the Yoast SEO plugin v27.5 - https:\/\/yoast.com\/product\/yoast-seo-wordpress\/ -->\n<title>Supports de Cours Initiation 2A - Club Informatique Gassendi<\/title>\n<meta name=\"description\" content=\"supports cours\" \/>\n<meta name=\"robots\" content=\"index, follow, max-snippet:-1, max-image-preview:large, max-video-preview:-1\" \/>\n<link rel=\"canonical\" href=\"https:\/\/www.gassendi.asso.fr\/wpg\/les-cours__trashed\/initiation-2eme-annee\/cours-initiation-2a\/\" \/>\n<meta property=\"og:locale\" content=\"fr_FR\" \/>\n<meta property=\"og:type\" content=\"article\" \/>\n<meta property=\"og:title\" content=\"Supports de Cours Initiation 2A - Club Informatique Gassendi\" \/>\n<meta property=\"og:description\" content=\"supports cours\" \/>\n<meta property=\"og:url\" content=\"https:\/\/www.gassendi.asso.fr\/wpg\/les-cours__trashed\/initiation-2eme-annee\/cours-initiation-2a\/\" \/>\n<meta property=\"og:site_name\" content=\"Club Informatique Gassendi\" \/>\n<meta property=\"article:modified_time\" content=\"2022-05-11T14:07:41+00:00\" \/>\n<meta name=\"twitter:card\" content=\"summary_large_image\" \/>\n<meta name=\"twitter:label1\" content=\"Dur\u00e9e de lecture estim\u00e9e\" \/>\n\t<meta name=\"twitter:data1\" content=\"1 minute\" \/>\n<script type=\"application\/ld+json\" class=\"yoast-schema-graph\">{\"@context\":\"https:\\\/\\\/schema.org\",\"@graph\":[{\"@type\":\"WebPage\",\"@id\":\"https:\\\/\\\/www.gassendi.asso.fr\\\/wpg\\\/les-cours__trashed\\\/initiation-2eme-annee\\\/cours-initiation-2a\\\/\",\"url\":\"https:\\\/\\\/www.gassendi.asso.fr\\\/wpg\\\/les-cours__trashed\\\/initiation-2eme-annee\\\/cours-initiation-2a\\\/\",\"name\":\"Supports de Cours Initiation 2A - Club Informatique Gassendi\",\"isPartOf\":{\"@id\":\"https:\\\/\\\/www.gassendi.asso.fr\\\/wpg\\\/#website\"},\"datePublished\":\"2020-10-05T09:58:00+00:00\",\"dateModified\":\"2022-05-11T14:07:41+00:00\",\"description\":\"supports cours\",\"breadcrumb\":{\"@id\":\"https:\\\/\\\/www.gassendi.asso.fr\\\/wpg\\\/les-cours__trashed\\\/initiation-2eme-annee\\\/cours-initiation-2a\\\/#breadcrumb\"},\"inLanguage\":\"fr-FR\",\"potentialAction\":[{\"@type\":\"ReadAction\",\"target\":[\"https:\\\/\\\/www.gassendi.asso.fr\\\/wpg\\\/les-cours__trashed\\\/initiation-2eme-annee\\\/cours-initiation-2a\\\/\"]}]},{\"@type\":\"BreadcrumbList\",\"@id\":\"https:\\\/\\\/www.gassendi.asso.fr\\\/wpg\\\/les-cours__trashed\\\/initiation-2eme-annee\\\/cours-initiation-2a\\\/#breadcrumb\",\"itemListElement\":[{\"@type\":\"ListItem\",\"position\":1,\"name\":\"Accueil\",\"item\":\"https:\\\/\\\/www.gassendi.asso.fr\\\/wpg\\\/\"},{\"@type\":\"ListItem\",\"position\":2,\"name\":\"Initiation 2\u00e8me ann\u00e9e\",\"item\":\"https:\\\/\\\/www.gassendi.asso.fr\\\/wpg\\\/les-cours__trashed\\\/initiation-2eme-annee\\\/\"},{\"@type\":\"ListItem\",\"position\":3,\"name\":\"Supports de Cours Initiation 2A\"}]},{\"@type\":\"WebSite\",\"@id\":\"https:\\\/\\\/www.gassendi.asso.fr\\\/wpg\\\/#website\",\"url\":\"https:\\\/\\\/www.gassendi.asso.fr\\\/wpg\\\/\",\"name\":\"Club Informatique Gassendi\",\"description\":\"L&#039;autre fa\u00e7on d&#039;apprendre l&#039;informatique ...\",\"publisher\":{\"@id\":\"https:\\\/\\\/www.gassendi.asso.fr\\\/wpg\\\/#organization\"},\"potentialAction\":[{\"@type\":\"SearchAction\",\"target\":{\"@type\":\"EntryPoint\",\"urlTemplate\":\"https:\\\/\\\/www.gassendi.asso.fr\\\/wpg\\\/?s={search_term_string}\"},\"query-input\":{\"@type\":\"PropertyValueSpecification\",\"valueRequired\":true,\"valueName\":\"search_term_string\"}}],\"inLanguage\":\"fr-FR\"},{\"@type\":\"Organization\",\"@id\":\"https:\\\/\\\/www.gassendi.asso.fr\\\/wpg\\\/#organization\",\"name\":\"Club Informatique Gassendi\",\"url\":\"https:\\\/\\\/www.gassendi.asso.fr\\\/wpg\\\/\",\"logo\":{\"@type\":\"ImageObject\",\"inLanguage\":\"fr-FR\",\"@id\":\"https:\\\/\\\/www.gassendi.asso.fr\\\/wpg\\\/#\\\/schema\\\/logo\\\/image\\\/\",\"url\":\"http:\\\/\\\/www.gassendi.asso.fr\\\/wpg\\\/wp-content\\\/uploads\\\/2019\\\/06\\\/logo-cig_165x150.jpg\",\"contentUrl\":\"http:\\\/\\\/www.gassendi.asso.fr\\\/wpg\\\/wp-content\\\/uploads\\\/2019\\\/06\\\/logo-cig_165x150.jpg\",\"width\":165,\"height\":150,\"caption\":\"Club Informatique Gassendi\"},\"image\":{\"@id\":\"https:\\\/\\\/www.gassendi.asso.fr\\\/wpg\\\/#\\\/schema\\\/logo\\\/image\\\/\"}}]}<\/script>\n<!-- \/ Yoast SEO plugin. -->","yoast_head_json":{"title":"Supports de Cours Initiation 2A - Club Informatique Gassendi","description":"supports cours","robots":{"index":"index","follow":"follow","max-snippet":"max-snippet:-1","max-image-preview":"max-image-preview:large","max-video-preview":"max-video-preview:-1"},"canonical":"https:\/\/www.gassendi.asso.fr\/wpg\/les-cours__trashed\/initiation-2eme-annee\/cours-initiation-2a\/","og_locale":"fr_FR","og_type":"article","og_title":"Supports de Cours Initiation 2A - Club Informatique Gassendi","og_description":"supports cours","og_url":"https:\/\/www.gassendi.asso.fr\/wpg\/les-cours__trashed\/initiation-2eme-annee\/cours-initiation-2a\/","og_site_name":"Club Informatique Gassendi","article_modified_time":"2022-05-11T14:07:41+00:00","twitter_card":"summary_large_image","twitter_misc":{"Dur\u00e9e de lecture estim\u00e9e":"1 minute"},"schema":{"@context":"https:\/\/schema.org","@graph":[{"@type":"WebPage","@id":"https:\/\/www.gassendi.asso.fr\/wpg\/les-cours__trashed\/initiation-2eme-annee\/cours-initiation-2a\/","url":"https:\/\/www.gassendi.asso.fr\/wpg\/les-cours__trashed\/initiation-2eme-annee\/cours-initiation-2a\/","name":"Supports de Cours Initiation 2A - Club Informatique Gassendi","isPartOf":{"@id":"https:\/\/www.gassendi.asso.fr\/wpg\/#website"},"datePublished":"2020-10-05T09:58:00+00:00","dateModified":"2022-05-11T14:07:41+00:00","description":"supports cours","breadcrumb":{"@id":"https:\/\/www.gassendi.asso.fr\/wpg\/les-cours__trashed\/initiation-2eme-annee\/cours-initiation-2a\/#breadcrumb"},"inLanguage":"fr-FR","potentialAction":[{"@type":"ReadAction","target":["https:\/\/www.gassendi.asso.fr\/wpg\/les-cours__trashed\/initiation-2eme-annee\/cours-initiation-2a\/"]}]},{"@type":"BreadcrumbList","@id":"https:\/\/www.gassendi.asso.fr\/wpg\/les-cours__trashed\/initiation-2eme-annee\/cours-initiation-2a\/#breadcrumb","itemListElement":[{"@type":"ListItem","position":1,"name":"Accueil","item":"https:\/\/www.gassendi.asso.fr\/wpg\/"},{"@type":"ListItem","position":2,"name":"Initiation 2\u00e8me ann\u00e9e","item":"https:\/\/www.gassendi.asso.fr\/wpg\/les-cours__trashed\/initiation-2eme-annee\/"},{"@type":"ListItem","position":3,"name":"Supports de Cours Initiation 2A"}]},{"@type":"WebSite","@id":"https:\/\/www.gassendi.asso.fr\/wpg\/#website","url":"https:\/\/www.gassendi.asso.fr\/wpg\/","name":"Club Informatique Gassendi","description":"L&#039;autre fa\u00e7on d&#039;apprendre l&#039;informatique ...","publisher":{"@id":"https:\/\/www.gassendi.asso.fr\/wpg\/#organization"},"potentialAction":[{"@type":"SearchAction","target":{"@type":"EntryPoint","urlTemplate":"https:\/\/www.gassendi.asso.fr\/wpg\/?s={search_term_string}"},"query-input":{"@type":"PropertyValueSpecification","valueRequired":true,"valueName":"search_term_string"}}],"inLanguage":"fr-FR"},{"@type":"Organization","@id":"https:\/\/www.gassendi.asso.fr\/wpg\/#organization","name":"Club Informatique Gassendi","url":"https:\/\/www.gassendi.asso.fr\/wpg\/","logo":{"@type":"ImageObject","inLanguage":"fr-FR","@id":"https:\/\/www.gassendi.asso.fr\/wpg\/#\/schema\/logo\/image\/","url":"http:\/\/www.gassendi.asso.fr\/wpg\/wp-content\/uploads\/2019\/06\/logo-cig_165x150.jpg","contentUrl":"http:\/\/www.gassendi.asso.fr\/wpg\/wp-content\/uploads\/2019\/06\/logo-cig_165x150.jpg","width":165,"height":150,"caption":"Club Informatique Gassendi"},"image":{"@id":"https:\/\/www.gassendi.asso.fr\/wpg\/#\/schema\/logo\/image\/"}}]}},"_links":{"self":[{"href":"https:\/\/www.gassendi.asso.fr\/wpg\/wp-json\/wp\/v2\/pages\/810","targetHints":{"allow":["GET"]}}],"collection":[{"href":"https:\/\/www.gassendi.asso.fr\/wpg\/wp-json\/wp\/v2\/pages"}],"about":[{"href":"https:\/\/www.gassendi.asso.fr\/wpg\/wp-json\/wp\/v2\/types\/page"}],"author":[{"embeddable":true,"href":"https:\/\/www.gassendi.asso.fr\/wpg\/wp-json\/wp\/v2\/users\/6"}],"replies":[{"embeddable":true,"href":"https:\/\/www.gassendi.asso.fr\/wpg\/wp-json\/wp\/v2\/comments?post=810"}],"version-history":[{"count":43,"href":"https:\/\/www.gassendi.asso.fr\/wpg\/wp-json\/wp\/v2\/pages\/810\/revisions"}],"predecessor-version":[{"id":1916,"href":"https:\/\/www.gassendi.asso.fr\/wpg\/wp-json\/wp\/v2\/pages\/810\/revisions\/1916"}],"up":[{"embeddable":true,"href":"https:\/\/www.gassendi.asso.fr\/wpg\/wp-json\/wp\/v2\/pages\/104"}],"wp:attachment":[{"href":"https:\/\/www.gassendi.asso.fr\/wpg\/wp-json\/wp\/v2\/media?parent=810"}],"curies":[{"name":"wp","href":"https:\/\/api.w.org\/{rel}","templated":true}]}}