{"id":822,"date":"2020-10-06T19:59:39","date_gmt":"2020-10-06T17:59:39","guid":{"rendered":"http:\/\/www.gassendi.asso.fr\/wpg\/?page_id=822"},"modified":"2022-05-18T17:23:36","modified_gmt":"2022-05-18T15:23:36","slug":"excursions-en-informatique","status":"publish","type":"page","link":"https:\/\/www.gassendi.asso.fr\/wpg\/excursions-en-informatique\/","title":{"rendered":"Excursions en informatique"},"content":{"rendered":"\n<p>Les cours \u00ab\u00a0Excursions en informatique\u00a0\u00bb sont b\u00e2tis sur des propositions de d\u00e9couverte d&rsquo;un :<\/p>\n<ul>\n<li>nouveau logiciel (FreeCommander, Brave,&#8230;),<\/li>\n<\/ul>\n<p><img decoding=\"async\" class=\"alignnone size-medium wp-image-1927\" src=\"https:\/\/www.gassendi.asso.fr\/wpg\/wp-content\/uploads\/2022\/05\/free_commander-300x163.png\" alt=\"\" width=\"300\" height=\"163\" srcset=\"https:\/\/www.gassendi.asso.fr\/wpg\/wp-content\/uploads\/2022\/05\/free_commander-300x163.png 300w, https:\/\/www.gassendi.asso.fr\/wpg\/wp-content\/uploads\/2022\/05\/free_commander-1024x555.png 1024w, https:\/\/www.gassendi.asso.fr\/wpg\/wp-content\/uploads\/2022\/05\/free_commander-768x416.png 768w, https:\/\/www.gassendi.asso.fr\/wpg\/wp-content\/uploads\/2022\/05\/free_commander-1536x832.png 1536w, https:\/\/www.gassendi.asso.fr\/wpg\/wp-content\/uploads\/2022\/05\/free_commander.png 1920w\" sizes=\"(max-width: 300px) 100vw, 300px\" \/><\/p>\n<p>FreeCommander : une alternative \u00e0 l\u2019explorateur de fichiers de Windows.<\/p>\n<figure id=\"attachment_827\" aria-describedby=\"caption-attachment-827\" style=\"width: 300px\" class=\"wp-caption alignnone\"><img decoding=\"async\" class=\"size-medium wp-image-827\" src=\"https:\/\/www.gassendi.asso.fr\/wpg\/wp-content\/uploads\/2020\/10\/brave-300x163.png\" alt=\"Brave un autre navigateur\" width=\"300\" height=\"163\" srcset=\"https:\/\/www.gassendi.asso.fr\/wpg\/wp-content\/uploads\/2020\/10\/brave-300x163.png 300w, https:\/\/www.gassendi.asso.fr\/wpg\/wp-content\/uploads\/2020\/10\/brave.png 384w\" sizes=\"(max-width: 300px) 100vw, 300px\" \/><figcaption id=\"caption-attachment-827\" class=\"wp-caption-text\">Brave Page Internet du navigateur<\/figcaption><\/figure>\n<ul>\n<li>service informatique (France Connect, CESU,&#8230;)<\/li>\n<\/ul>\n<figure id=\"attachment_828\" aria-describedby=\"caption-attachment-828\" style=\"width: 300px\" class=\"wp-caption alignnone\"><img decoding=\"async\" class=\"size-medium wp-image-828\" src=\"https:\/\/www.gassendi.asso.fr\/wpg\/wp-content\/uploads\/2020\/10\/france_connect-300x163.png\" alt=\"France Connect\" width=\"300\" height=\"163\" srcset=\"https:\/\/www.gassendi.asso.fr\/wpg\/wp-content\/uploads\/2020\/10\/france_connect-300x163.png 300w, https:\/\/www.gassendi.asso.fr\/wpg\/wp-content\/uploads\/2020\/10\/france_connect-1024x555.png 1024w, https:\/\/www.gassendi.asso.fr\/wpg\/wp-content\/uploads\/2020\/10\/france_connect-768x416.png 768w, https:\/\/www.gassendi.asso.fr\/wpg\/wp-content\/uploads\/2020\/10\/france_connect-1536x832.png 1536w, https:\/\/www.gassendi.asso.fr\/wpg\/wp-content\/uploads\/2020\/10\/france_connect.png 1920w\" sizes=\"(max-width: 300px) 100vw, 300px\" \/><figcaption id=\"caption-attachment-828\" class=\"wp-caption-text\">Site de France Connect<\/figcaption><\/figure>\n<figure id=\"attachment_829\" aria-describedby=\"caption-attachment-829\" style=\"width: 300px\" class=\"wp-caption alignnone\"><img loading=\"lazy\" decoding=\"async\" class=\"wp-image-829 size-medium\" src=\"https:\/\/www.gassendi.asso.fr\/wpg\/wp-content\/uploads\/2020\/10\/CESU-300x163.png\" alt=\"Site du CESU\" width=\"300\" height=\"163\" srcset=\"https:\/\/www.gassendi.asso.fr\/wpg\/wp-content\/uploads\/2020\/10\/CESU-300x163.png 300w, https:\/\/www.gassendi.asso.fr\/wpg\/wp-content\/uploads\/2020\/10\/CESU-1024x555.png 1024w, https:\/\/www.gassendi.asso.fr\/wpg\/wp-content\/uploads\/2020\/10\/CESU-768x416.png 768w, https:\/\/www.gassendi.asso.fr\/wpg\/wp-content\/uploads\/2020\/10\/CESU-1536x832.png 1536w, https:\/\/www.gassendi.asso.fr\/wpg\/wp-content\/uploads\/2020\/10\/CESU.png 1920w\" sizes=\"(max-width: 300px) 100vw, 300px\" \/><figcaption id=\"caption-attachment-829\" class=\"wp-caption-text\">Site du CESU<\/figcaption><\/figure>\n<ul>\n<li>d&rsquo;un nouvelle d\u00e9marche assist\u00e9e par l&rsquo;informatique (achat\/vente d&rsquo;un bien immobilier).<\/li>\n<\/ul>\n<p>Les participants choisissent les cours parmi nos propositions (honn\u00eates) ou soumettent eux-m\u00eames les sujets qu&rsquo;ils souhaitent d\u00e9couvrir.<br \/>Chaque sujet est \u00e9tudi\u00e9 en quelques heures. Si le th\u00e8me abord\u00e9 est riche, nous nous limitons \u00e0 n\u2019en traiter que les grands traits, quitte \u00e0 l&rsquo;approfondir dans le cadre d\u2019un cycle court. Excursions en informatique, c\u2019est une succession de cours se d\u00e9roulant sur une \u00e0 deux s\u00e9quences.<br \/>Les deux premi\u00e8res s\u00e9quences de l\u2019ann\u00e9e, permettent de conforter les connaissances de bases sur l\u2019explorateur de fichiers (par exemple) puis l\u2019animateur propose d\u00e8s la deuxi\u00e8me s\u00e9quence un choix de sujets.<br \/>Chaque participant vote pour choisir les th\u00e8mes qu\u2019il souhaite voir traiter. Les sujets les plus demand\u00e9s sont anim\u00e9s en priorit\u00e9.<br \/>Quelques exemples (d\u2019une liste non exhaustive que les participants peuvent enrichir) de sujets :<br \/>&#8211; Le dessin vectoriel avec Inkscape.<br \/>&#8211; Linux en Live CD.<br \/>&#8211; Logiciels sans installation.<br \/>&#8211; ChromeCast : diffuser le contenu de votre t\u00e9l\u00e9phone sur votre t\u00e9l\u00e9viseur.<br \/>&#8211; L\u2019immobilier avec Internet.<br \/>&#8211; Le CESU facile : D\u00e9clarer en ligne votre salari\u00e9 \u00e0 domicile.<br \/>&#8211; FreeCommander : Une alternative \u00e0 l\u2019explorateur de fichiers.<br \/>&#8211; FranceConnect : un acc\u00e8s unique aux services publics.<br \/>&#8211; Brave : un navigateur Internet discret.<br \/>&#8211; Initiation au dessin 3D avec Tinkercad.<br \/>&#8211; KOSIKAZA : dessiner les plans de votre maison avec un navigateur Internet.<br \/>&#8211; Prendre un rendez-vous m\u00e9dical en ligne avec Doctolib.<br \/>&#8211; Gimp : une alternative \u00e0 Photoshop ?<br \/>&#8211; OBS Studio : enregistrer les vid\u00e9os, les sons diffus\u00e9s sur votre PC.<br \/>&#8211; Cr\u00e9er votre cha\u00eene YouTube.<br \/>\u2026<\/p>\n<p><a href=\"https:\/\/www.gassendi.asso.fr\/wpg\/wp-content\/uploads\/2022\/05\/description_des_cours_potentiels.pdf\">description_des_cours_potentiels 2019-2020<\/a><\/p>\n<p><a href=\"https:\/\/www.gassendi.asso.fr\/wpg\/wp-content\/uploads\/2022\/05\/description_des_cours_excursions_2_potentiels_V2.pdf\">description_des_cours_potentiels_2021-2022<\/a><br \/>Ces cours sont destin\u00e9s \u00e0 des personnes ayant une relative aisance en informatique<br \/>(l\u2019\u00e9quivalent d\u2019au moins initiation premi\u00e8re ET deuxi\u00e8me ann\u00e9e). Le tout dans la bonne<br \/>humeur, parce qu\u2019on est pas l\u00e0 pour se faire engueuler\u2026 (cf. Boris Vian).<\/p>\n<p>Thierry L C<\/p>\n<p>\u00a0<\/p>\n<p>\u00a0<\/p>\n","protected":false},"excerpt":{"rendered":"<p>Les cours \u00ab\u00a0Excursions en informatique\u00a0\u00bb sont b\u00e2tis sur des propositions de d\u00e9couverte d&rsquo;un : nouveau logiciel (FreeCommander, Brave,&#8230;), FreeCommander : une alternative \u00e0 l\u2019explorateur de fichiers de Windows. service informatique (France Connect, CESU,&#8230;) d&rsquo;un nouvelle d\u00e9marche assist\u00e9e par l&rsquo;informatique (achat\/vente<\/p>\n","protected":false},"author":6,"featured_media":0,"parent":0,"menu_order":0,"comment_status":"closed","ping_status":"closed","template":"","meta":{"_eb_attr":"","_exactmetrics_skip_tracking":false,"_exactmetrics_sitenote_active":false,"_exactmetrics_sitenote_note":"","_exactmetrics_sitenote_category":0,"footnotes":""},"class_list":["post-822","page","type-page","status-publish","hentry"],"yoast_head":"<!-- This site is optimized with the Yoast SEO plugin v27.5 - https:\/\/yoast.com\/product\/yoast-seo-wordpress\/ -->\n<title>Excursions en informatique - Club Informatique Gassendi<\/title>\n<meta name=\"robots\" content=\"index, follow, max-snippet:-1, max-image-preview:large, max-video-preview:-1\" \/>\n<link rel=\"canonical\" href=\"https:\/\/www.gassendi.asso.fr\/wpg\/les-cours__trashed\/excursions-en-informatique\/\" \/>\n<meta property=\"og:locale\" content=\"fr_FR\" \/>\n<meta property=\"og:type\" content=\"article\" \/>\n<meta property=\"og:title\" content=\"Excursions en informatique - Club Informatique Gassendi\" \/>\n<meta property=\"og:description\" content=\"Les cours \u00ab\u00a0Excursions en informatique\u00a0\u00bb sont b\u00e2tis sur des propositions de d\u00e9couverte d&rsquo;un : nouveau logiciel (FreeCommander, Brave,&#8230;), FreeCommander : une alternative \u00e0 l\u2019explorateur de fichiers de Windows. service informatique (France Connect, CESU,&#8230;) d&rsquo;un nouvelle d\u00e9marche assist\u00e9e par l&rsquo;informatique (achat\/vente\" \/>\n<meta property=\"og:url\" content=\"https:\/\/www.gassendi.asso.fr\/wpg\/les-cours__trashed\/excursions-en-informatique\/\" \/>\n<meta property=\"og:site_name\" content=\"Club Informatique Gassendi\" \/>\n<meta property=\"article:modified_time\" content=\"2022-05-18T15:23:36+00:00\" \/>\n<meta property=\"og:image\" content=\"https:\/\/www.gassendi.asso.fr\/wpg\/wp-content\/uploads\/2022\/05\/free_commander-300x163.png\" \/>\n<meta name=\"twitter:card\" content=\"summary_large_image\" \/>\n<meta name=\"twitter:label1\" content=\"Dur\u00e9e de lecture estim\u00e9e\" \/>\n\t<meta name=\"twitter:data1\" content=\"3 minutes\" \/>\n<script type=\"application\/ld+json\" class=\"yoast-schema-graph\">{\"@context\":\"https:\\\/\\\/schema.org\",\"@graph\":[{\"@type\":\"WebPage\",\"@id\":\"https:\\\/\\\/www.gassendi.asso.fr\\\/wpg\\\/les-cours__trashed\\\/excursions-en-informatique\\\/\",\"url\":\"https:\\\/\\\/www.gassendi.asso.fr\\\/wpg\\\/les-cours__trashed\\\/excursions-en-informatique\\\/\",\"name\":\"Excursions en informatique - Club Informatique Gassendi\",\"isPartOf\":{\"@id\":\"https:\\\/\\\/www.gassendi.asso.fr\\\/wpg\\\/#website\"},\"primaryImageOfPage\":{\"@id\":\"https:\\\/\\\/www.gassendi.asso.fr\\\/wpg\\\/les-cours__trashed\\\/excursions-en-informatique\\\/#primaryimage\"},\"image\":{\"@id\":\"https:\\\/\\\/www.gassendi.asso.fr\\\/wpg\\\/les-cours__trashed\\\/excursions-en-informatique\\\/#primaryimage\"},\"thumbnailUrl\":\"https:\\\/\\\/www.gassendi.asso.fr\\\/wpg\\\/wp-content\\\/uploads\\\/2022\\\/05\\\/free_commander-300x163.png\",\"datePublished\":\"2020-10-06T17:59:39+00:00\",\"dateModified\":\"2022-05-18T15:23:36+00:00\",\"breadcrumb\":{\"@id\":\"https:\\\/\\\/www.gassendi.asso.fr\\\/wpg\\\/les-cours__trashed\\\/excursions-en-informatique\\\/#breadcrumb\"},\"inLanguage\":\"fr-FR\",\"potentialAction\":[{\"@type\":\"ReadAction\",\"target\":[\"https:\\\/\\\/www.gassendi.asso.fr\\\/wpg\\\/les-cours__trashed\\\/excursions-en-informatique\\\/\"]}]},{\"@type\":\"ImageObject\",\"inLanguage\":\"fr-FR\",\"@id\":\"https:\\\/\\\/www.gassendi.asso.fr\\\/wpg\\\/les-cours__trashed\\\/excursions-en-informatique\\\/#primaryimage\",\"url\":\"https:\\\/\\\/www.gassendi.asso.fr\\\/wpg\\\/wp-content\\\/uploads\\\/2022\\\/05\\\/free_commander.png\",\"contentUrl\":\"https:\\\/\\\/www.gassendi.asso.fr\\\/wpg\\\/wp-content\\\/uploads\\\/2022\\\/05\\\/free_commander.png\",\"width\":1920,\"height\":1040},{\"@type\":\"BreadcrumbList\",\"@id\":\"https:\\\/\\\/www.gassendi.asso.fr\\\/wpg\\\/les-cours__trashed\\\/excursions-en-informatique\\\/#breadcrumb\",\"itemListElement\":[{\"@type\":\"ListItem\",\"position\":1,\"name\":\"Accueil\",\"item\":\"https:\\\/\\\/www.gassendi.asso.fr\\\/wpg\\\/\"},{\"@type\":\"ListItem\",\"position\":2,\"name\":\"Excursions en informatique\"}]},{\"@type\":\"WebSite\",\"@id\":\"https:\\\/\\\/www.gassendi.asso.fr\\\/wpg\\\/#website\",\"url\":\"https:\\\/\\\/www.gassendi.asso.fr\\\/wpg\\\/\",\"name\":\"Club Informatique Gassendi\",\"description\":\"L&#039;autre fa\u00e7on d&#039;apprendre l&#039;informatique ...\",\"publisher\":{\"@id\":\"https:\\\/\\\/www.gassendi.asso.fr\\\/wpg\\\/#organization\"},\"potentialAction\":[{\"@type\":\"SearchAction\",\"target\":{\"@type\":\"EntryPoint\",\"urlTemplate\":\"https:\\\/\\\/www.gassendi.asso.fr\\\/wpg\\\/?s={search_term_string}\"},\"query-input\":{\"@type\":\"PropertyValueSpecification\",\"valueRequired\":true,\"valueName\":\"search_term_string\"}}],\"inLanguage\":\"fr-FR\"},{\"@type\":\"Organization\",\"@id\":\"https:\\\/\\\/www.gassendi.asso.fr\\\/wpg\\\/#organization\",\"name\":\"Club Informatique Gassendi\",\"url\":\"https:\\\/\\\/www.gassendi.asso.fr\\\/wpg\\\/\",\"logo\":{\"@type\":\"ImageObject\",\"inLanguage\":\"fr-FR\",\"@id\":\"https:\\\/\\\/www.gassendi.asso.fr\\\/wpg\\\/#\\\/schema\\\/logo\\\/image\\\/\",\"url\":\"http:\\\/\\\/www.gassendi.asso.fr\\\/wpg\\\/wp-content\\\/uploads\\\/2019\\\/06\\\/logo-cig_165x150.jpg\",\"contentUrl\":\"http:\\\/\\\/www.gassendi.asso.fr\\\/wpg\\\/wp-content\\\/uploads\\\/2019\\\/06\\\/logo-cig_165x150.jpg\",\"width\":165,\"height\":150,\"caption\":\"Club Informatique Gassendi\"},\"image\":{\"@id\":\"https:\\\/\\\/www.gassendi.asso.fr\\\/wpg\\\/#\\\/schema\\\/logo\\\/image\\\/\"}}]}<\/script>\n<!-- \/ Yoast SEO plugin. -->","yoast_head_json":{"title":"Excursions en informatique - Club Informatique Gassendi","robots":{"index":"index","follow":"follow","max-snippet":"max-snippet:-1","max-image-preview":"max-image-preview:large","max-video-preview":"max-video-preview:-1"},"canonical":"https:\/\/www.gassendi.asso.fr\/wpg\/les-cours__trashed\/excursions-en-informatique\/","og_locale":"fr_FR","og_type":"article","og_title":"Excursions en informatique - Club Informatique Gassendi","og_description":"Les cours \u00ab\u00a0Excursions en informatique\u00a0\u00bb sont b\u00e2tis sur des propositions de d\u00e9couverte d&rsquo;un : nouveau logiciel (FreeCommander, Brave,&#8230;), FreeCommander : une alternative \u00e0 l\u2019explorateur de fichiers de Windows. service informatique (France Connect, CESU,&#8230;) d&rsquo;un nouvelle d\u00e9marche assist\u00e9e par l&rsquo;informatique (achat\/vente","og_url":"https:\/\/www.gassendi.asso.fr\/wpg\/les-cours__trashed\/excursions-en-informatique\/","og_site_name":"Club Informatique Gassendi","article_modified_time":"2022-05-18T15:23:36+00:00","og_image":[{"url":"https:\/\/www.gassendi.asso.fr\/wpg\/wp-content\/uploads\/2022\/05\/free_commander-300x163.png","type":"","width":"","height":""}],"twitter_card":"summary_large_image","twitter_misc":{"Dur\u00e9e de lecture estim\u00e9e":"3 minutes"},"schema":{"@context":"https:\/\/schema.org","@graph":[{"@type":"WebPage","@id":"https:\/\/www.gassendi.asso.fr\/wpg\/les-cours__trashed\/excursions-en-informatique\/","url":"https:\/\/www.gassendi.asso.fr\/wpg\/les-cours__trashed\/excursions-en-informatique\/","name":"Excursions en informatique - Club Informatique Gassendi","isPartOf":{"@id":"https:\/\/www.gassendi.asso.fr\/wpg\/#website"},"primaryImageOfPage":{"@id":"https:\/\/www.gassendi.asso.fr\/wpg\/les-cours__trashed\/excursions-en-informatique\/#primaryimage"},"image":{"@id":"https:\/\/www.gassendi.asso.fr\/wpg\/les-cours__trashed\/excursions-en-informatique\/#primaryimage"},"thumbnailUrl":"https:\/\/www.gassendi.asso.fr\/wpg\/wp-content\/uploads\/2022\/05\/free_commander-300x163.png","datePublished":"2020-10-06T17:59:39+00:00","dateModified":"2022-05-18T15:23:36+00:00","breadcrumb":{"@id":"https:\/\/www.gassendi.asso.fr\/wpg\/les-cours__trashed\/excursions-en-informatique\/#breadcrumb"},"inLanguage":"fr-FR","potentialAction":[{"@type":"ReadAction","target":["https:\/\/www.gassendi.asso.fr\/wpg\/les-cours__trashed\/excursions-en-informatique\/"]}]},{"@type":"ImageObject","inLanguage":"fr-FR","@id":"https:\/\/www.gassendi.asso.fr\/wpg\/les-cours__trashed\/excursions-en-informatique\/#primaryimage","url":"https:\/\/www.gassendi.asso.fr\/wpg\/wp-content\/uploads\/2022\/05\/free_commander.png","contentUrl":"https:\/\/www.gassendi.asso.fr\/wpg\/wp-content\/uploads\/2022\/05\/free_commander.png","width":1920,"height":1040},{"@type":"BreadcrumbList","@id":"https:\/\/www.gassendi.asso.fr\/wpg\/les-cours__trashed\/excursions-en-informatique\/#breadcrumb","itemListElement":[{"@type":"ListItem","position":1,"name":"Accueil","item":"https:\/\/www.gassendi.asso.fr\/wpg\/"},{"@type":"ListItem","position":2,"name":"Excursions en informatique"}]},{"@type":"WebSite","@id":"https:\/\/www.gassendi.asso.fr\/wpg\/#website","url":"https:\/\/www.gassendi.asso.fr\/wpg\/","name":"Club Informatique Gassendi","description":"L&#039;autre fa\u00e7on d&#039;apprendre l&#039;informatique ...","publisher":{"@id":"https:\/\/www.gassendi.asso.fr\/wpg\/#organization"},"potentialAction":[{"@type":"SearchAction","target":{"@type":"EntryPoint","urlTemplate":"https:\/\/www.gassendi.asso.fr\/wpg\/?s={search_term_string}"},"query-input":{"@type":"PropertyValueSpecification","valueRequired":true,"valueName":"search_term_string"}}],"inLanguage":"fr-FR"},{"@type":"Organization","@id":"https:\/\/www.gassendi.asso.fr\/wpg\/#organization","name":"Club Informatique Gassendi","url":"https:\/\/www.gassendi.asso.fr\/wpg\/","logo":{"@type":"ImageObject","inLanguage":"fr-FR","@id":"https:\/\/www.gassendi.asso.fr\/wpg\/#\/schema\/logo\/image\/","url":"http:\/\/www.gassendi.asso.fr\/wpg\/wp-content\/uploads\/2019\/06\/logo-cig_165x150.jpg","contentUrl":"http:\/\/www.gassendi.asso.fr\/wpg\/wp-content\/uploads\/2019\/06\/logo-cig_165x150.jpg","width":165,"height":150,"caption":"Club Informatique Gassendi"},"image":{"@id":"https:\/\/www.gassendi.asso.fr\/wpg\/#\/schema\/logo\/image\/"}}]}},"_links":{"self":[{"href":"https:\/\/www.gassendi.asso.fr\/wpg\/wp-json\/wp\/v2\/pages\/822","targetHints":{"allow":["GET"]}}],"collection":[{"href":"https:\/\/www.gassendi.asso.fr\/wpg\/wp-json\/wp\/v2\/pages"}],"about":[{"href":"https:\/\/www.gassendi.asso.fr\/wpg\/wp-json\/wp\/v2\/types\/page"}],"author":[{"embeddable":true,"href":"https:\/\/www.gassendi.asso.fr\/wpg\/wp-json\/wp\/v2\/users\/6"}],"replies":[{"embeddable":true,"href":"https:\/\/www.gassendi.asso.fr\/wpg\/wp-json\/wp\/v2\/comments?post=822"}],"version-history":[{"count":18,"href":"https:\/\/www.gassendi.asso.fr\/wpg\/wp-json\/wp\/v2\/pages\/822\/revisions"}],"predecessor-version":[{"id":1930,"href":"https:\/\/www.gassendi.asso.fr\/wpg\/wp-json\/wp\/v2\/pages\/822\/revisions\/1930"}],"wp:attachment":[{"href":"https:\/\/www.gassendi.asso.fr\/wpg\/wp-json\/wp\/v2\/media?parent=822"}],"curies":[{"name":"wp","href":"https:\/\/api.w.org\/{rel}","templated":true}]}}