{"id":95,"date":"2019-06-21T12:05:47","date_gmt":"2019-06-21T10:05:47","guid":{"rendered":"http:\/\/www.gassendi.asso.fr\/wpg\/?page_id=95"},"modified":"2020-12-07T19:28:16","modified_gmt":"2020-12-07T18:28:16","slug":"initiation-1ere-annee","status":"publish","type":"page","link":"https:\/\/www.gassendi.asso.fr\/wpg\/initiation-1ere-annee\/","title":{"rendered":"Initiation 1\u00e8re ann\u00e9e"},"content":{"rendered":"\n<p><img fetchpriority=\"high\" decoding=\"async\" class=\"alignright size-medium wp-image-94\" src=\"https:\/\/www.gassendi.asso.fr\/wpg\/wp-content\/uploads\/2019\/06\/w10-300x168.jpg\" alt=\"\" width=\"300\" height=\"168\" \/>Durant cette 1\u00e8re ann\u00e9e, vous allez :<\/p>\n<ul>\n<li>d\u00e9couvrir la mat\u00e9riel informatique,<\/li>\n<li>apprendre l&rsquo;utilisation du clavier et de la souris,<\/li>\n<li>comprendre le syst\u00e8me d\u2019exploitation Windows 10.<\/li>\n<\/ul>\n<p>Vous allez aussi apprendre \u00e0 utiliser des logiciels, comme <strong>LibreOffice<\/strong> et Naviguer sur Internet<\/p>\n<p><strong>LibreOffice Writer<\/strong> (traitement de texte utilis\u00e9 pour mettre en formes des documents)<\/p>\n<ul>\n<li>Transfert d\u2019un texte, d\u2019un fichier dans un autre fichier,<\/li>\n<li>Mise en page, mise en forme,<\/li>\n<li>Recherche de dossier, classement,<\/li>\n<li>Insertion d\u2019un texte, d\u2019une image,<\/li>\n<li>Cr\u00e9ation de lettres.<\/li>\n<\/ul>\n<p><img decoding=\"async\" class=\"aligncenter size-medium wp-image-93\" src=\"https:\/\/www.gassendi.asso.fr\/wpg\/wp-content\/uploads\/2019\/06\/LibreOffice-300x225.jpg\" alt=\"Libre Office\" width=\"300\" height=\"225\" srcset=\"https:\/\/www.gassendi.asso.fr\/wpg\/wp-content\/uploads\/2019\/06\/LibreOffice-300x225.jpg 300w, https:\/\/www.gassendi.asso.fr\/wpg\/wp-content\/uploads\/2019\/06\/LibreOffice.jpg 600w\" sizes=\"(max-width: 300px) 100vw, 300px\" \/><br \/><strong>Libre-Office Calc<\/strong> (tableur pour permettre de cr\u00e9er des tableaux, faire des calculs&#8230;)<\/p>\n<ul>\n<li>Les quatre op\u00e9rations,<\/li>\n<li>Cr\u00e9ation d\u2019un tableau,<\/li>\n<li>Graphique \u00e0 partie d\u2019un tableau,<\/li>\n<\/ul>\n<p><br \/><strong><img decoding=\"async\" class=\"alignright size-medium wp-image-92\" src=\"https:\/\/www.gassendi.asso.fr\/wpg\/wp-content\/uploads\/2019\/06\/internet-300x192.jpg\" alt=\"Internet\" width=\"300\" height=\"192\" srcset=\"https:\/\/www.gassendi.asso.fr\/wpg\/wp-content\/uploads\/2019\/06\/internet-300x192.jpg 300w, https:\/\/www.gassendi.asso.fr\/wpg\/wp-content\/uploads\/2019\/06\/internet-768x492.jpg 768w, https:\/\/www.gassendi.asso.fr\/wpg\/wp-content\/uploads\/2019\/06\/internet.jpg 1000w\" sizes=\"(max-width: 300px) 100vw, 300px\" \/>INTERNET<\/strong> (r\u00e9seau informatique \u00e0 l\u2019\u00e9chelle du monde, reposant sur le protocole de communication IP (Internet Protocol), et qui rend accessible au public des services comme le courrier \u00e9lectronique et le web)<\/p>\n<ul>\n<li>Initiation et historique,<\/li>\n<li>Raccordement,<\/li>\n<li>Navigation ou comment surfer,<\/li>\n<li>Installation et d\u00e9sinstallation d\u2019un logiciel.<\/li>\n<\/ul>\n<p><br \/>Les supports de cours d\u00e9taill\u00e9s sont fournis par l\u2019Association.<\/p>\n","protected":false},"excerpt":{"rendered":"<p>Durant cette 1\u00e8re ann\u00e9e, vous allez : d\u00e9couvrir la mat\u00e9riel informatique, apprendre l&rsquo;utilisation du clavier et de la souris, comprendre le syst\u00e8me d\u2019exploitation Windows 10. Vous allez aussi apprendre \u00e0 utiliser des logiciels, comme LibreOffice et Naviguer sur Internet LibreOffice<\/p>\n","protected":false},"author":1,"featured_media":0,"parent":0,"menu_order":0,"comment_status":"closed","ping_status":"closed","template":"","meta":{"_eb_attr":"","_exactmetrics_skip_tracking":false,"_exactmetrics_sitenote_active":false,"_exactmetrics_sitenote_note":"","_exactmetrics_sitenote_category":0,"footnotes":""},"class_list":["post-95","page","type-page","status-publish","hentry"],"yoast_head":"<!-- This site is optimized with the Yoast SEO plugin v27.4 - https:\/\/yoast.com\/product\/yoast-seo-wordpress\/ -->\n<title>Initiation 1\u00e8re ann\u00e9e - Club Informatique Gassendi<\/title>\n<meta name=\"robots\" content=\"index, follow, max-snippet:-1, max-image-preview:large, max-video-preview:-1\" \/>\n<link rel=\"canonical\" href=\"https:\/\/www.gassendi.asso.fr\/wpg\/les-cours__trashed\/initiation-1ere-annee\/\" \/>\n<meta property=\"og:locale\" content=\"fr_FR\" \/>\n<meta property=\"og:type\" content=\"article\" \/>\n<meta property=\"og:title\" content=\"Initiation 1\u00e8re ann\u00e9e - Club Informatique Gassendi\" \/>\n<meta property=\"og:description\" content=\"Durant cette 1\u00e8re ann\u00e9e, vous allez : d\u00e9couvrir la mat\u00e9riel informatique, apprendre l&rsquo;utilisation du clavier et de la souris, comprendre le syst\u00e8me d\u2019exploitation Windows 10. Vous allez aussi apprendre \u00e0 utiliser des logiciels, comme LibreOffice et Naviguer sur Internet LibreOffice\" \/>\n<meta property=\"og:url\" content=\"https:\/\/www.gassendi.asso.fr\/wpg\/les-cours__trashed\/initiation-1ere-annee\/\" \/>\n<meta property=\"og:site_name\" content=\"Club Informatique Gassendi\" \/>\n<meta property=\"article:modified_time\" content=\"2020-12-07T18:28:16+00:00\" \/>\n<meta property=\"og:image\" content=\"http:\/\/www.gassendi.asso.fr\/wpg\/wp-content\/uploads\/2019\/06\/w10-300x168.jpg\" \/>\n<meta name=\"twitter:card\" content=\"summary_large_image\" \/>\n<meta name=\"twitter:label1\" content=\"Dur\u00e9e de lecture estim\u00e9e\" \/>\n\t<meta name=\"twitter:data1\" content=\"1 minute\" \/>\n<script type=\"application\/ld+json\" class=\"yoast-schema-graph\">{\"@context\":\"https:\\\/\\\/schema.org\",\"@graph\":[{\"@type\":\"WebPage\",\"@id\":\"https:\\\/\\\/www.gassendi.asso.fr\\\/wpg\\\/les-cours__trashed\\\/initiation-1ere-annee\\\/\",\"url\":\"https:\\\/\\\/www.gassendi.asso.fr\\\/wpg\\\/les-cours__trashed\\\/initiation-1ere-annee\\\/\",\"name\":\"Initiation 1\u00e8re ann\u00e9e - Club Informatique Gassendi\",\"isPartOf\":{\"@id\":\"https:\\\/\\\/www.gassendi.asso.fr\\\/wpg\\\/#website\"},\"primaryImageOfPage\":{\"@id\":\"https:\\\/\\\/www.gassendi.asso.fr\\\/wpg\\\/les-cours__trashed\\\/initiation-1ere-annee\\\/#primaryimage\"},\"image\":{\"@id\":\"https:\\\/\\\/www.gassendi.asso.fr\\\/wpg\\\/les-cours__trashed\\\/initiation-1ere-annee\\\/#primaryimage\"},\"thumbnailUrl\":\"http:\\\/\\\/www.gassendi.asso.fr\\\/wpg\\\/wp-content\\\/uploads\\\/2019\\\/06\\\/w10-300x168.jpg\",\"datePublished\":\"2019-06-21T10:05:47+00:00\",\"dateModified\":\"2020-12-07T18:28:16+00:00\",\"breadcrumb\":{\"@id\":\"https:\\\/\\\/www.gassendi.asso.fr\\\/wpg\\\/les-cours__trashed\\\/initiation-1ere-annee\\\/#breadcrumb\"},\"inLanguage\":\"fr-FR\",\"potentialAction\":[{\"@type\":\"ReadAction\",\"target\":[\"https:\\\/\\\/www.gassendi.asso.fr\\\/wpg\\\/les-cours__trashed\\\/initiation-1ere-annee\\\/\"]}]},{\"@type\":\"ImageObject\",\"inLanguage\":\"fr-FR\",\"@id\":\"https:\\\/\\\/www.gassendi.asso.fr\\\/wpg\\\/les-cours__trashed\\\/initiation-1ere-annee\\\/#primaryimage\",\"url\":\"https:\\\/\\\/www.gassendi.asso.fr\\\/wpg\\\/wp-content\\\/uploads\\\/2019\\\/06\\\/w10.jpg\",\"contentUrl\":\"https:\\\/\\\/www.gassendi.asso.fr\\\/wpg\\\/wp-content\\\/uploads\\\/2019\\\/06\\\/w10.jpg\",\"width\":300,\"height\":168},{\"@type\":\"BreadcrumbList\",\"@id\":\"https:\\\/\\\/www.gassendi.asso.fr\\\/wpg\\\/les-cours__trashed\\\/initiation-1ere-annee\\\/#breadcrumb\",\"itemListElement\":[{\"@type\":\"ListItem\",\"position\":1,\"name\":\"Accueil\",\"item\":\"https:\\\/\\\/www.gassendi.asso.fr\\\/wpg\\\/\"},{\"@type\":\"ListItem\",\"position\":2,\"name\":\"Initiation 1\u00e8re ann\u00e9e\"}]},{\"@type\":\"WebSite\",\"@id\":\"https:\\\/\\\/www.gassendi.asso.fr\\\/wpg\\\/#website\",\"url\":\"https:\\\/\\\/www.gassendi.asso.fr\\\/wpg\\\/\",\"name\":\"Club Informatique Gassendi\",\"description\":\"L&#039;autre fa\u00e7on d&#039;apprendre l&#039;informatique ...\",\"publisher\":{\"@id\":\"https:\\\/\\\/www.gassendi.asso.fr\\\/wpg\\\/#organization\"},\"potentialAction\":[{\"@type\":\"SearchAction\",\"target\":{\"@type\":\"EntryPoint\",\"urlTemplate\":\"https:\\\/\\\/www.gassendi.asso.fr\\\/wpg\\\/?s={search_term_string}\"},\"query-input\":{\"@type\":\"PropertyValueSpecification\",\"valueRequired\":true,\"valueName\":\"search_term_string\"}}],\"inLanguage\":\"fr-FR\"},{\"@type\":\"Organization\",\"@id\":\"https:\\\/\\\/www.gassendi.asso.fr\\\/wpg\\\/#organization\",\"name\":\"Club Informatique Gassendi\",\"url\":\"https:\\\/\\\/www.gassendi.asso.fr\\\/wpg\\\/\",\"logo\":{\"@type\":\"ImageObject\",\"inLanguage\":\"fr-FR\",\"@id\":\"https:\\\/\\\/www.gassendi.asso.fr\\\/wpg\\\/#\\\/schema\\\/logo\\\/image\\\/\",\"url\":\"http:\\\/\\\/www.gassendi.asso.fr\\\/wpg\\\/wp-content\\\/uploads\\\/2019\\\/06\\\/logo-cig_165x150.jpg\",\"contentUrl\":\"http:\\\/\\\/www.gassendi.asso.fr\\\/wpg\\\/wp-content\\\/uploads\\\/2019\\\/06\\\/logo-cig_165x150.jpg\",\"width\":165,\"height\":150,\"caption\":\"Club Informatique Gassendi\"},\"image\":{\"@id\":\"https:\\\/\\\/www.gassendi.asso.fr\\\/wpg\\\/#\\\/schema\\\/logo\\\/image\\\/\"}}]}<\/script>\n<!-- \/ Yoast SEO plugin. -->","yoast_head_json":{"title":"Initiation 1\u00e8re ann\u00e9e - Club Informatique Gassendi","robots":{"index":"index","follow":"follow","max-snippet":"max-snippet:-1","max-image-preview":"max-image-preview:large","max-video-preview":"max-video-preview:-1"},"canonical":"https:\/\/www.gassendi.asso.fr\/wpg\/les-cours__trashed\/initiation-1ere-annee\/","og_locale":"fr_FR","og_type":"article","og_title":"Initiation 1\u00e8re ann\u00e9e - Club Informatique Gassendi","og_description":"Durant cette 1\u00e8re ann\u00e9e, vous allez : d\u00e9couvrir la mat\u00e9riel informatique, apprendre l&rsquo;utilisation du clavier et de la souris, comprendre le syst\u00e8me d\u2019exploitation Windows 10. Vous allez aussi apprendre \u00e0 utiliser des logiciels, comme LibreOffice et Naviguer sur Internet LibreOffice","og_url":"https:\/\/www.gassendi.asso.fr\/wpg\/les-cours__trashed\/initiation-1ere-annee\/","og_site_name":"Club Informatique Gassendi","article_modified_time":"2020-12-07T18:28:16+00:00","og_image":[{"url":"http:\/\/www.gassendi.asso.fr\/wpg\/wp-content\/uploads\/2019\/06\/w10-300x168.jpg","type":"","width":"","height":""}],"twitter_card":"summary_large_image","twitter_misc":{"Dur\u00e9e de lecture estim\u00e9e":"1 minute"},"schema":{"@context":"https:\/\/schema.org","@graph":[{"@type":"WebPage","@id":"https:\/\/www.gassendi.asso.fr\/wpg\/les-cours__trashed\/initiation-1ere-annee\/","url":"https:\/\/www.gassendi.asso.fr\/wpg\/les-cours__trashed\/initiation-1ere-annee\/","name":"Initiation 1\u00e8re ann\u00e9e - Club Informatique Gassendi","isPartOf":{"@id":"https:\/\/www.gassendi.asso.fr\/wpg\/#website"},"primaryImageOfPage":{"@id":"https:\/\/www.gassendi.asso.fr\/wpg\/les-cours__trashed\/initiation-1ere-annee\/#primaryimage"},"image":{"@id":"https:\/\/www.gassendi.asso.fr\/wpg\/les-cours__trashed\/initiation-1ere-annee\/#primaryimage"},"thumbnailUrl":"http:\/\/www.gassendi.asso.fr\/wpg\/wp-content\/uploads\/2019\/06\/w10-300x168.jpg","datePublished":"2019-06-21T10:05:47+00:00","dateModified":"2020-12-07T18:28:16+00:00","breadcrumb":{"@id":"https:\/\/www.gassendi.asso.fr\/wpg\/les-cours__trashed\/initiation-1ere-annee\/#breadcrumb"},"inLanguage":"fr-FR","potentialAction":[{"@type":"ReadAction","target":["https:\/\/www.gassendi.asso.fr\/wpg\/les-cours__trashed\/initiation-1ere-annee\/"]}]},{"@type":"ImageObject","inLanguage":"fr-FR","@id":"https:\/\/www.gassendi.asso.fr\/wpg\/les-cours__trashed\/initiation-1ere-annee\/#primaryimage","url":"https:\/\/www.gassendi.asso.fr\/wpg\/wp-content\/uploads\/2019\/06\/w10.jpg","contentUrl":"https:\/\/www.gassendi.asso.fr\/wpg\/wp-content\/uploads\/2019\/06\/w10.jpg","width":300,"height":168},{"@type":"BreadcrumbList","@id":"https:\/\/www.gassendi.asso.fr\/wpg\/les-cours__trashed\/initiation-1ere-annee\/#breadcrumb","itemListElement":[{"@type":"ListItem","position":1,"name":"Accueil","item":"https:\/\/www.gassendi.asso.fr\/wpg\/"},{"@type":"ListItem","position":2,"name":"Initiation 1\u00e8re ann\u00e9e"}]},{"@type":"WebSite","@id":"https:\/\/www.gassendi.asso.fr\/wpg\/#website","url":"https:\/\/www.gassendi.asso.fr\/wpg\/","name":"Club Informatique Gassendi","description":"L&#039;autre fa\u00e7on d&#039;apprendre l&#039;informatique ...","publisher":{"@id":"https:\/\/www.gassendi.asso.fr\/wpg\/#organization"},"potentialAction":[{"@type":"SearchAction","target":{"@type":"EntryPoint","urlTemplate":"https:\/\/www.gassendi.asso.fr\/wpg\/?s={search_term_string}"},"query-input":{"@type":"PropertyValueSpecification","valueRequired":true,"valueName":"search_term_string"}}],"inLanguage":"fr-FR"},{"@type":"Organization","@id":"https:\/\/www.gassendi.asso.fr\/wpg\/#organization","name":"Club Informatique Gassendi","url":"https:\/\/www.gassendi.asso.fr\/wpg\/","logo":{"@type":"ImageObject","inLanguage":"fr-FR","@id":"https:\/\/www.gassendi.asso.fr\/wpg\/#\/schema\/logo\/image\/","url":"http:\/\/www.gassendi.asso.fr\/wpg\/wp-content\/uploads\/2019\/06\/logo-cig_165x150.jpg","contentUrl":"http:\/\/www.gassendi.asso.fr\/wpg\/wp-content\/uploads\/2019\/06\/logo-cig_165x150.jpg","width":165,"height":150,"caption":"Club Informatique Gassendi"},"image":{"@id":"https:\/\/www.gassendi.asso.fr\/wpg\/#\/schema\/logo\/image\/"}}]}},"_links":{"self":[{"href":"https:\/\/www.gassendi.asso.fr\/wpg\/wp-json\/wp\/v2\/pages\/95","targetHints":{"allow":["GET"]}}],"collection":[{"href":"https:\/\/www.gassendi.asso.fr\/wpg\/wp-json\/wp\/v2\/pages"}],"about":[{"href":"https:\/\/www.gassendi.asso.fr\/wpg\/wp-json\/wp\/v2\/types\/page"}],"author":[{"embeddable":true,"href":"https:\/\/www.gassendi.asso.fr\/wpg\/wp-json\/wp\/v2\/users\/1"}],"replies":[{"embeddable":true,"href":"https:\/\/www.gassendi.asso.fr\/wpg\/wp-json\/wp\/v2\/comments?post=95"}],"version-history":[{"count":5,"href":"https:\/\/www.gassendi.asso.fr\/wpg\/wp-json\/wp\/v2\/pages\/95\/revisions"}],"predecessor-version":[{"id":101,"href":"https:\/\/www.gassendi.asso.fr\/wpg\/wp-json\/wp\/v2\/pages\/95\/revisions\/101"}],"wp:attachment":[{"href":"https:\/\/www.gassendi.asso.fr\/wpg\/wp-json\/wp\/v2\/media?parent=95"}],"curies":[{"name":"wp","href":"https:\/\/api.w.org\/{rel}","templated":true}]}}